{"id":959,"date":"2016-05-03T21:31:09","date_gmt":"2016-05-03T21:31:09","guid":{"rendered":"http:\/\/lordmmx.net\/?page_id=959"},"modified":"2024-04-09T21:45:14","modified_gmt":"2024-04-09T21:45:14","slug":"kim-seolhyun","status":"publish","type":"page","link":"https:\/\/peterprotus.eu\/?page_id=959","title":{"rendered":"Kim Seol-Hyun"},"content":{"rendered":"<h3 id=\"firstHeading\" class=\"firstHeading\" lang=\"en\"><span style=\"color: #ff0000;\"><span style=\"color: #ffff00;\">&#8222;Failing while doing your best is also &nbsp;success&#8220;<\/span> <\/span>&#8211; Kim Seol-Hyun<\/h3>\n<div id=\"bodyContent\" class=\"mw-body-content\">\n<div id=\"siteSub\">Toto je K\u00f3rejske meno; meno rodiny je&nbsp;<a title=\"Kim (Korean surname)\" href=\"https:\/\/en.wikipedia.org\/wiki\/Kim_(Korean_surname)\"><i>Kim<\/i><\/a>.<\/div>\n<div id=\"mw-content-text\" class=\"mw-content-ltr\" dir=\"ltr\" lang=\"en\">\n<table class=\"infobox biography vcard alignright\" style=\"height: 1050px;\" width=\"213\">\n<tbody>\n<tr>\n<th style=\"text-align: center;\" colspan=\"2\"><span class=\"fn\">Seolhyun<\/span><\/th>\n<\/tr>\n<tr>\n<td colspan=\"2\">&nbsp;<\/p>\n<div><a href=\"http:\/\/peterprotus.eu\/wp-content\/uploads\/2023\/02\/Seolhyun_Ellesse_Fanisgn_160408.jpg\"><img loading=\"lazy\" decoding=\"async\" class=\"wp-image-1604 aligncenter\" src=\"http:\/\/peterprotus.eu\/wp-content\/uploads\/2023\/02\/Seolhyun_Ellesse_Fanisgn_160408-768x1024.jpg\" alt=\"\" width=\"216\" height=\"288\" srcset=\"https:\/\/peterprotus.eu\/wp-content\/uploads\/2023\/02\/Seolhyun_Ellesse_Fanisgn_160408-768x1024.jpg 768w, https:\/\/peterprotus.eu\/wp-content\/uploads\/2023\/02\/Seolhyun_Ellesse_Fanisgn_160408-225x300.jpg 225w, https:\/\/peterprotus.eu\/wp-content\/uploads\/2023\/02\/Seolhyun_Ellesse_Fanisgn_160408-1152x1536.jpg 1152w, https:\/\/peterprotus.eu\/wp-content\/uploads\/2023\/02\/Seolhyun_Ellesse_Fanisgn_160408-1536x2048.jpg 1536w, https:\/\/peterprotus.eu\/wp-content\/uploads\/2023\/02\/Seolhyun_Ellesse_Fanisgn_160408.jpg 1800w\" sizes=\"auto, (max-width: 216px) 100vw, 216px\" \/><\/a><\/div>\n<\/td>\n<\/tr>\n<tr>\n<th scope=\"row\">Naroden\u00e1<\/th>\n<td><span class=\"nickname\">Kim Seol-hyun<\/span><br \/>\n3. Janu\u00e1r, 1995 <span class=\"noprint ForceAgeToShow\">(21 rokov)<\/span><br \/>\n<span class=\"birthplace\"><a title=\"Bucheon\" href=\"https:\/\/en.wikipedia.org\/wiki\/Bucheon\">Bucheon<\/a>, <a title=\"Gyeonggi Province\" href=\"https:\/\/en.wikipedia.org\/wiki\/Gyeonggi_Province\">Gyeonggi Province<\/a>, Ju\u017en\u00e1 Korea<\/span><\/td>\n<\/tr>\n<tr>\n<th scope=\"row\">Zamestnanie<\/th>\n<td class=\"role\">\n<div class=\"hlist\">\n<ul>\n<li>Spev\u00e1\u010dka<\/li>\n<li>Tane\u010dn\u00ed\u010dka<\/li>\n<li>Here\u010dka<\/li>\n<\/ul>\n<\/div>\n<\/td>\n<\/tr>\n<tr>\n<td colspan=\"2\"><b>Hudobn\u00e1 kari\u00e9ra<\/b><\/td>\n<\/tr>\n<tr>\n<th scope=\"row\">\u017d\u00e1nre<\/th>\n<td>\n<div class=\"hlist\">\n<ul>\n<li><a title=\"K-pop\" href=\"https:\/\/en.wikipedia.org\/wiki\/K-pop\">K-pop<\/a><\/li>\n<\/ul>\n<\/div>\n<\/td>\n<\/tr>\n<tr>\n<th scope=\"row\">N\u00e1stroje<\/th>\n<td class=\"note\">\n<div class=\"hlist\">\n<ul>\n<li>Vok\u00e1ly<\/li>\n<\/ul>\n<\/div>\n<\/td>\n<\/tr>\n<tr>\n<th scope=\"row\">Akt\u00edvna<\/th>\n<td>2012\u2013s\u00fa\u010dastnos\u0165<\/td>\n<\/tr>\n<tr>\n<th scope=\"row\">Vydavate\u013estvo<\/th>\n<td>\n<div class=\"hlist\">\n<ul>\n<li><a title=\"FNC Entertainment\" href=\"https:\/\/en.wikipedia.org\/wiki\/FNC_Entertainment\">FNC Entertainment<\/a><\/li>\n<li><a class=\"mw-redirect\" title=\"CJ E&amp;M Music and Live\" href=\"https:\/\/en.wikipedia.org\/wiki\/CJ_E%26M_Music_and_Live\">CJ E&amp;M<\/a><\/li>\n<\/ul>\n<\/div>\n<\/td>\n<\/tr>\n<tr>\n<th scope=\"row\">Skupina<\/th>\n<td>\n<div class=\"hlist\">\n<ul>\n<li>AOA&nbsp;<\/li>\n<\/ul>\n<\/div>\n<\/td>\n<\/tr>\n<\/tbody>\n<\/table>\n<p><b>Kim Seol-hyun<\/b> (<a title=\"Hangul\" href=\"https:\/\/en.wikipedia.org\/wiki\/Hangul\">Hangul<\/a>:&nbsp;<span lang=\"ko-Hang\" xml:lang=\"ko-Hang\">\uae40\uc124\ud604<\/span>; naroden\u00e1 3. Janu\u00e1ra, 1995), zn\u00e1ma pod umeleck\u00fdm menom&nbsp;<b>Seolhyun<\/b>,&nbsp;je Ju\u017eno K\u00f3rejsk\u00e1 spev\u00e1\u010dka, tane\u010dn\u00ed\u010dka, here\u010dka a idol. Je \u010dlenkou kpopovej skupiny&nbsp;<a title=\"AOA (band)\" href=\"https:\/\/en.wikipedia.org\/wiki\/AOA_(band)\">AOA<\/a>&nbsp;a&nbsp;hrala v telev\u00edznych dr\u00e1mach&nbsp;<i><a title=\"Ugly Alert\" href=\"https:\/\/en.wikipedia.org\/wiki\/Ugly_Alert\">Ugly Alert<\/a><\/i> (2013) a&nbsp;<i><a title=\"Orange Marmalade (TV series)\" href=\"https:\/\/en.wikipedia.org\/wiki\/Orange_Marmalade_(TV_series)\">Orange Marmalade<\/a><\/i> (2015).<\/p>\n<h2><span id=\"Early_life_and_education\" class=\"mw-headline\">Detstvo, mlados\u0165 a vzdelanie<\/span><\/h2>\n<p>Seolhyun sa narodila 3.&nbsp;Janu\u00e1ra 1995,&nbsp;v&nbsp;<a title=\"Bucheon\" href=\"https:\/\/en.wikipedia.org\/wiki\/Bucheon\">Bucheon<\/a>e v Ju\u017enej&nbsp;Korei.<sup id=\"cite_ref-1\" class=\"reference\"><a href=\"https:\/\/en.wikipedia.org\/wiki\/Kim_Seol-hyun#cite_note-1\">[1]<\/a><\/sup>Chodila na z\u00e1kladne \u0161koly&nbsp;<a class=\"extiw\" title=\"ko:\uae4c\uce58\uc6b8\ucd08\ub4f1\ud559\uad50\" href=\"https:\/\/ko.wikipedia.org\/wiki\/%EA%B9%8C%EC%B9%98%EC%9A%B8%EC%B4%88%EB%93%B1%ED%95%99%EA%B5%90\">Kachiul <\/a>&nbsp;a&nbsp;<a class=\"extiw\" title=\"ko:\uc131\uace1\uc911\ud559\uad50 (\uacbd\uae30)\" href=\"https:\/\/ko.wikipedia.org\/wiki\/%EC%84%B1%EA%B3%A1%EC%A4%91%ED%95%99%EA%B5%90_(%EA%B2%BD%EA%B8%B0)\">Sungkok<\/a>, a na stredn\u00fa \u0161kolu&nbsp;umenia&nbsp;<a class=\"extiw\" title=\"ko:\uacbd\uae30\uc608\uc220\uace0\ub4f1\ud559\uad50\" href=\"https:\/\/ko.wikipedia.org\/wiki\/%EA%B2%BD%EA%B8%B0%EC%98%88%EC%88%A0%EA%B3%A0%EB%93%B1%ED%95%99%EA%B5%90\">Arts High School<\/a>. Moment\u00e1lne nav\u0161tevuje univerzitu&nbsp;<a title=\"Kyung Hee University\" href=\"https:\/\/en.wikipedia.org\/wiki\/Kyung_Hee_University\">Kyung Hee University<\/a>&nbsp;v odbore Film. Seolhyun od detstva hr\u00e1 na pi\u00e1ne&nbsp;(jej matka je u\u010dite\u013eka hry na pi\u00e1no) a chcela by\u0165 spev\u00e1\u010dkou od \u010dias ke\u010f sa anga\u017eovala v \u0161kolskej kapele.<\/p>\n<h2><span id=\"Career\" class=\"mw-headline\">Kari\u00e9ra<\/span><\/h2>\n<p>V roku&nbsp;2010, Seolhyun vyhrala \u00f4smy&nbsp;Smart Model Contest (\uc2a4\ub9c8\ud2b8 \ubaa8\ub378 \uc120\ubc1c \ub300\ud68c), s\u00fa\u0165a\u017e v ktorej oby\u010dajn\u00ed \u0161tudenti nosia&nbsp;uniformy. V\u00ed\u0165azi tejto s\u00fa\u0165a\u017ee sa stan\u00fa celebritami. Na udalosti s\u00fa reprezentovan\u00e9 viacer\u00e9 talentov\u00e9 agent\u00fary&nbsp;a&nbsp;Seolhyun si vyhliadol jej&nbsp;aktu\u00e1lny mana\u017e\u00e9r v&nbsp;FNC.V&nbsp;Janu\u00e1ri 2012 sa Seolhyun objavila vo videoklipe&nbsp;boybandu&nbsp;<a title=\"F.T. Island\" href=\"https:\/\/en.wikipedia.org\/wiki\/F.T._Island\">F.T. Island<\/a>&nbsp;k songu&nbsp;&#8222;Severely&#8220;,<\/p>\n<p>30 j\u00fala, 2012, Seolhyun debutovala ako \u010dlenka skupiny&nbsp;AOA na&nbsp;<i><a class=\"mw-redirect\" title=\"M! Countdown\" href=\"https:\/\/en.wikipedia.org\/wiki\/M!_Countdown\">M! Countdown<\/a><\/i>&nbsp;so songom &#8222;Elvis&#8220;&nbsp;z ich debutov\u00e9ho albumu, <i><a title=\"Angels' Story\" href=\"https:\/\/en.wikipedia.org\/wiki\/Angels%27_Story\">Angels&#8216; Story<\/a><\/i>.&nbsp;N\u00e1sledne bola obsaden\u00e1 do podpornej \u00falohy&nbsp;v telev\u00edznej dr\u00e1me&nbsp;<i><a class=\"mw-redirect\" title=\"My Daughter Seo-young\" href=\"https:\/\/en.wikipedia.org\/wiki\/My_Daughter_Seo-young\">My Daughter Seo-young<\/a><\/i>, ktor\u00e1 sa za\u010dala &nbsp;vysiela\u0165 v septembri.<span style=\"font-size: 13.3333px; line-height: 20px;\">&nbsp;Hrala<\/span>&nbsp;Seo Eun-soo, u\u010dite\u013eku herectva.<\/p>\n<p>5. febru\u00e1ra, 2013 Seolhyun a&nbsp;here\u010dka&nbsp;<a title=\"Lee Se-young\" href=\"https:\/\/en.wikipedia.org\/wiki\/Lee_Se-young\">Lee Se-young <\/a>boli zvolen\u00e9 ako&nbsp;nov\u00e9 modelky pre zna\u010dku starostlivosti o ple\u0165&nbsp;<a title=\"Clean &amp; Clear\" href=\"https:\/\/en.wikipedia.org\/wiki\/Clean_%26_Clear\">Clean &amp; Clear<\/a>.&nbsp;&nbsp;23. Apr\u00edla, bola Seolhyun do dennej dr\u00e1my&nbsp;<i><a title=\"Ugly Alert\" href=\"https:\/\/en.wikipedia.org\/wiki\/Ugly_Alert\">Ugly Alert<\/a><\/i>. Hrala najmlad\u0161iu dc\u00e9ru rodiny&nbsp;Gong Na-ri, inteligentn\u00e9 diev\u010da, ktor\u00e9 t\u00fa\u017eilo sta\u0165 sa here\u010dkou.&nbsp;Toto bola jej druh\u00e1 dr\u00e1ma a prv\u00e1 hlavn\u00e1 \u00faloha. Seolhyun povedala &#8222;Som v strese z nov\u00e9ho projektu, a som tie\u017e&nbsp;vy\u0165a\u017een\u00e1. Ale znova chcem tvrdo pracova\u0165 a bra\u0165 to ako \u010fal\u0161iu sk\u00fasenos\u0165. A tie\u017e sa chcem dotkn\u00fa\u0165 s\u0155dc \u013eud\u00ed.&#8220;<\/p>\n<\/div>\n<\/div>\n<p>&nbsp;<\/p>\n<p>&nbsp;<\/p>\n<p>&nbsp;<\/p>\n","protected":false},"excerpt":{"rendered":"<p>&#8222;Failing while doing your best is also &nbsp;success&#8220; &#8211; Kim Seol-Hyun Toto je K\u00f3rejske meno; meno rodiny je&nbsp;Kim. Seolhyun &nbsp; Naroden\u00e1 Kim Seol-hyun 3. Janu\u00e1r, 1995 (21 rokov) Bucheon, Gyeonggi Province, Ju\u017en\u00e1 Korea Zamestnanie Spev\u00e1\u010dka Tane\u010dn\u00ed\u010dka Here\u010dka Hudobn\u00e1 kari\u00e9ra \u017d\u00e1nre K-pop N\u00e1stroje Vok\u00e1ly Akt\u00edvna 2012\u2013s\u00fa\u010dastnos\u0165 Vydavate\u013estvo FNC Entertainment CJ E&amp;M Skupina AOA&nbsp; Kim Seol-hyun (Hangul:&nbsp;\uae40\uc124\ud604; [&hellip;]<\/p>\n","protected":false},"author":1,"featured_media":0,"parent":952,"menu_order":3,"comment_status":"closed","ping_status":"closed","template":"","meta":{"footnotes":"","_links_to":"","_links_to_target":""},"class_list":["post-959","page","type-page","status-publish","hentry"],"_links":{"self":[{"href":"https:\/\/peterprotus.eu\/index.php?rest_route=\/wp\/v2\/pages\/959","targetHints":{"allow":["GET"]}}],"collection":[{"href":"https:\/\/peterprotus.eu\/index.php?rest_route=\/wp\/v2\/pages"}],"about":[{"href":"https:\/\/peterprotus.eu\/index.php?rest_route=\/wp\/v2\/types\/page"}],"author":[{"embeddable":true,"href":"https:\/\/peterprotus.eu\/index.php?rest_route=\/wp\/v2\/users\/1"}],"replies":[{"embeddable":true,"href":"https:\/\/peterprotus.eu\/index.php?rest_route=%2Fwp%2Fv2%2Fcomments&post=959"}],"version-history":[{"count":26,"href":"https:\/\/peterprotus.eu\/index.php?rest_route=\/wp\/v2\/pages\/959\/revisions"}],"predecessor-version":[{"id":1706,"href":"https:\/\/peterprotus.eu\/index.php?rest_route=\/wp\/v2\/pages\/959\/revisions\/1706"}],"up":[{"embeddable":true,"href":"https:\/\/peterprotus.eu\/index.php?rest_route=\/wp\/v2\/pages\/952"}],"wp:attachment":[{"href":"https:\/\/peterprotus.eu\/index.php?rest_route=%2Fwp%2Fv2%2Fmedia&parent=959"}],"curies":[{"name":"wp","href":"https:\/\/api.w.org\/{rel}","templated":true}]}}