{"id":82,"date":"2012-01-08T03:50:53","date_gmt":"2012-01-08T03:50:53","guid":{"rendered":"http:\/\/lordmmx.net\/?page_id=82"},"modified":"2024-04-09T21:45:47","modified_gmt":"2024-04-09T21:45:47","slug":"forum","status":"publish","type":"page","link":"https:\/\/peterprotus.eu\/?page_id=82","title":{"rendered":"Qri Lee"},"content":{"rendered":"<h1 id=\"firstHeading\" lang=\"sk\">Qri (slovensky: Kchjuri)<\/h1>\n<div id=\"bodyContent\">\n<div id=\"contentSub\">&nbsp;<\/div>\n<div id=\"jump-to-nav\" style=\"text-align: right;\">&nbsp;<\/div>\n<div id=\"mw-content-text\" dir=\"ltr\" lang=\"sk\">\n<table class=\"alignright\" style=\"height: 676px;\" width=\"252\">\n<tbody>\n<tr>\n<th colspan=\"2\">Qri<\/th>\n<\/tr>\n<tr>\n<td colspan=\"2\">&nbsp;<\/p>\n<div>&nbsp;<a href=\"http:\/\/peterprotus.eu\/wp-content\/uploads\/2024\/04\/CfHuUz6WwAEi5XF.jpg\"><img loading=\"lazy\" decoding=\"async\" class=\"wp-image-1698 aligncenter\" src=\"http:\/\/peterprotus.eu\/wp-content\/uploads\/2024\/04\/CfHuUz6WwAEi5XF.jpg\" alt=\"\" width=\"201\" height=\"251\" srcset=\"https:\/\/peterprotus.eu\/wp-content\/uploads\/2024\/04\/CfHuUz6WwAEi5XF.jpg 820w, https:\/\/peterprotus.eu\/wp-content\/uploads\/2024\/04\/CfHuUz6WwAEi5XF-240x300.jpg 240w, https:\/\/peterprotus.eu\/wp-content\/uploads\/2024\/04\/CfHuUz6WwAEi5XF-768x959.jpg 768w\" sizes=\"auto, (max-width: 201px) 100vw, 201px\" \/><\/a><\/div>\n<\/td>\n<\/tr>\n<tr>\n<th style=\"text-align: center;\" colspan=\"2\">Z\u00e1kladn\u00e9 inform\u00e1cie<\/th>\n<\/tr>\n<tr>\n<th>Rodn\u00e9&nbsp;meno<\/th>\n<td>Lee Ji-hyun<\/td>\n<\/tr>\n<tr>\n<th>Umeleck\u00e9&nbsp;men\u00e1<\/th>\n<td>Qri, Q-ri, Kyuri<\/td>\n<\/tr>\n<tr>\n<th>Narodenie<\/th>\n<td><a title=\"12. december\" href=\"http:\/\/sk.wikipedia.org\/wiki\/12._december\">12. december<\/a>&nbsp;<a title=\"1986\" href=\"http:\/\/sk.wikipedia.org\/wiki\/1986\">1986<\/a>(29 rokov)<br \/>\n<a title=\"Seoul\" href=\"http:\/\/sk.wikipedia.org\/wiki\/Seoul\">Seoul<\/a>,&nbsp;<a title=\"K\u00f3rejsk\u00e1 republika\" href=\"http:\/\/sk.wikipedia.org\/wiki\/K%C3%B3rejsk%C3%A1_republika\">K\u00f3rejsk\u00e1 republika<\/a><\/td>\n<\/tr>\n<tr>\n<th>P\u00f4sobenie<\/th>\n<td><a title=\"Spev\u00e1\u010dka\" href=\"http:\/\/sk.wikipedia.org\/wiki\/Spev%C3%A1%C4%8Dka\">spev\u00e1\u010dka<\/a>&nbsp;<a title=\"Here\u010dka\" href=\"http:\/\/sk.wikipedia.org\/wiki\/Here%C4%8Dka\">here\u010dka<\/a>&nbsp;<a title=\"Modelka\" href=\"http:\/\/sk.wikipedia.org\/wiki\/Modelka\">modelka<\/a><\/td>\n<\/tr>\n<tr>\n<th><a title=\"Hudobn\u00fd \u017e\u00e1ner\" href=\"http:\/\/sk.wikipedia.org\/wiki\/Hudobn%C3%BD_%C5%BE%C3%A1ner\">\u017d\u00e1ner<\/a><\/th>\n<td><a title=\"KPop\" href=\"http:\/\/sk.wikipedia.org\/wiki\/KPop\">KPop<\/a><\/td>\n<\/tr>\n<tr>\n<th>Roky p\u00f4sobenia<\/th>\n<td><a title=\"2009\" href=\"http:\/\/sk.wikipedia.org\/wiki\/2009\">2009<\/a> &#8211; S\u00fa\u010dasnos\u0165<\/td>\n<\/tr>\n<tr>\n<th><a title=\"Hudobn\u00e9 vydavate\u013estvo\" href=\"http:\/\/sk.wikipedia.org\/wiki\/Hudobn%C3%A9_vydavate%C4%BEstvo\">Vydavate\u013estv\u00e1<\/a><\/th>\n<td><a title=\"Core Contents Media (str\u00e1nka neexistuje)\" href=\"http:\/\/sk.wikipedia.org\/w\/index.php?title=Core_Contents_Media&amp;action=edit&amp;redlink=1\">Core Contents Media<\/a>,&nbsp;<a title=\"Mnet Media (str\u00e1nka neexistuje)\" href=\"http:\/\/sk.wikipedia.org\/w\/index.php?title=Mnet_Media&amp;action=edit&amp;redlink=1\">Mnet Media<\/a><\/td>\n<\/tr>\n<tr>\n<th style=\"text-align: center;\">Webstr\u00e1nka<\/th>\n<td style=\"text-align: center;\"><a href=\"http:\/\/www.861212.com\/\" rel=\"nofollow\">www.861212.com<\/a><\/td>\n<\/tr>\n<\/tbody>\n<\/table>\n<p><strong>Lee Ji-hyun<\/strong>&nbsp;(\u010d\u00edta sa ako I Ji-hyeon) (|\uc774|\uc9c0|\ud604), (|\u674e|\u667a|\u8ce2|); naroden\u00e1 12. Decembra, 1986), zn\u00e1ma pod umeleck\u00fdm menom&nbsp;<strong>Qri<\/strong>, je&nbsp;<a title=\"Ju\u017enokorejsky idol (str\u00e1nka neexistuje)\" href=\"http:\/\/sk.wikipedia.org\/w\/index.php?title=Ju%C5%BEnokorejsky_idol&amp;action=edit&amp;redlink=1\">Ju\u017enokorejsky idol<\/a>,&nbsp;<a title=\"Spev\u00e1\u010dka\" href=\"http:\/\/sk.wikipedia.org\/wiki\/Spev%C3%A1%C4%8Dka\">spev\u00e1\u010dka<\/a>,&nbsp;<a title=\"Here\u010dka\" href=\"http:\/\/sk.wikipedia.org\/wiki\/Here%C4%8Dka\">here\u010dka<\/a>&nbsp;a \u010dlenka&nbsp;<a title=\"K-pop\" href=\"http:\/\/sk.wikipedia.org\/wiki\/K-pop\">K-pop<\/a>&nbsp;skupiny&nbsp;<a title=\"T-ara (str\u00e1nka neexistuje)\" href=\"http:\/\/sk.wikipedia.org\/w\/index.php?title=T-ara&amp;action=edit&amp;redlink=1\">T-ara<\/a>.<\/p>\n<p><em><strong>Biografia<\/strong><\/em><\/p>\n<p><span style=\"font-size: 13px;\">Qri sa narodila 12. Decembra, 1986. Jej rodn\u00e9 meno je Lee Ji-hyun. \u0160tudovala na strednej \u0161kole Juyeob, a potom nav\u0161tevovala Univerzitu Myungji, v odbore Divadlo a vizu\u00e1lne umenie, teda rovnak\u00fd odbor ako jej skupinov\u00e1 kolegy\u0148a,&nbsp;<\/span><a style=\"font-size: 13px;\" title=\"Jeon Boram (str\u00e1nka neexistuje)\" href=\"http:\/\/sk.wikipedia.org\/w\/index.php?title=Jeon_Boram&amp;action=edit&amp;redlink=1\">Boram<\/a><span style=\"font-size: 13px;\">. Pred debutom bola modelka.<\/span><\/p>\n<p><em><strong>Hudobn\u00e1 kari\u00e9ra<\/strong><\/em><\/p>\n<p>2009 &#8211; 2017: T-ara<\/p>\n<p>Qri bola posledn\u00e1 z 3 nov\u00fdch \u010dlenov pridan\u00fdch do skupiny potom ako 2 p\u00f4vodn\u00e9 \u010dlenky Jiae a Jiwon opustili skupinu v polovici roku 2009.<span style=\"font-size: 11px;\">&nbsp;<\/span>Nesk\u00f4r bolo spomenut\u00e9 v TvN&nbsp;<em>Taxi Show<\/em>&nbsp;\u017ee bola predstaven\u00e1 CEO spolo\u010dnosti&nbsp;<a title=\"Core Contents Media (str\u00e1nka neexistuje)\" href=\"http:\/\/sk.wikipedia.org\/w\/index.php?title=Core_Contents_Media&amp;action=edit&amp;redlink=1\">Core Contents Media<\/a>&nbsp;jej p\u00f4vodnou agent\u00farou.<\/p>\n<p><em><strong>Hereck\u00e1 kari\u00e9ra<\/strong><\/em><\/p>\n<p>2009:&nbsp;<em>Queen Seondeok<\/em><\/p>\n<p>V Septembri 2009, debutovala v herectve jej \u00falohou v dr\u00e1me&nbsp;<em><a title=\"Queen Seondeok (TV series) (str\u00e1nka neexistuje)\" href=\"http:\/\/sk.wikipedia.org\/w\/index.php?title=Queen_Seondeok_(TV_series)&amp;action=edit&amp;redlink=1\">Queen Seondeok<\/a><\/em>&nbsp;ako man\u017eelka Yoo ShinRanga.<\/p>\n<p>2010-2011:&nbsp;<em>Southern Trader Kim Chul Soo&#8217;s Update<\/em>&nbsp;a&nbsp;<em>King Geunchogo<\/em><\/p>\n<p>Potom mala cameo \u00falohu spolu s ostatn\u00fdmi \u010dlenkami skupiny&nbsp;<a title=\"T-ara (str\u00e1nka neexistuje)\" href=\"http:\/\/sk.wikipedia.org\/w\/index.php?title=T-ara&amp;action=edit&amp;redlink=1\">T-ara<\/a>&nbsp;v dr\u00e1me&nbsp;<em><a title=\"Master of Study (str\u00e1nka neexistuje)\" href=\"http:\/\/sk.wikipedia.org\/w\/index.php?title=Master_of_Study&amp;action=edit&amp;redlink=1\">Master of Study<\/a><\/em>&nbsp;v roku 2010. Potom dostala hlavn\u00fa \u00falohu v dr\u00e1me od&nbsp;<a title=\"Korean Broadcasting System (str\u00e1nka neexistuje)\" href=\"http:\/\/sk.wikipedia.org\/w\/index.php?title=Korean_Broadcasting_System&amp;action=edit&amp;redlink=1\">KBS<\/a>&nbsp;<em>Southern Trader Kim Chul Soo&#8217;s Update<\/em>. Qri a<a title=\"Park Soyeon (str\u00e1nka neexistuje)\" href=\"http:\/\/sk.wikipedia.org\/w\/index.php?title=Park_Soyeon&amp;action=edit&amp;redlink=1\">Soyeon<\/a>&nbsp;mali takisto cameo \u00falohy v dr\u00e1me od&nbsp;<a title=\"Seoul Broadcasting System (str\u00e1nka neexistuje)\" href=\"http:\/\/sk.wikipedia.org\/w\/index.php?title=Seoul_Broadcasting_System&amp;action=edit&amp;redlink=1\">SBS<\/a>&nbsp;&#8222;<a title=\"Giant (TV series) (str\u00e1nka neexistuje)\" href=\"http:\/\/sk.wikipedia.org\/w\/index.php?title=Giant_(TV_series)&amp;action=edit&amp;redlink=1\">Giants<\/a>&#8222;.<\/p>\n<p>Takisto spolu s&nbsp;<a title=\"Ham Eun-jeong (str\u00e1nka neexistuje)\" href=\"http:\/\/sk.wikipedia.org\/w\/index.php?title=Ham_Eun-jeong&amp;action=edit&amp;redlink=1\">Eunjung<\/a>&nbsp;boli zvolen\u00e9 do dr\u00e1my od&nbsp;<a title=\"Korean Broadcasting System (str\u00e1nka neexistuje)\" href=\"http:\/\/sk.wikipedia.org\/w\/index.php?title=Korean_Broadcasting_System&amp;action=edit&amp;redlink=1\">KBS<\/a>&nbsp;<em><a title=\"The King of Legend (str\u00e1nka neexistuje)\" href=\"http:\/\/sk.wikipedia.org\/w\/index.php?title=The_King_of_Legend&amp;action=edit&amp;redlink=1\">King Geunchogo<\/a><\/em>&nbsp;v roku 2011, od epiz\u00f3dy 47.<\/p>\n<p>&nbsp;<\/p>\n<p><em><strong>Diskografia<\/strong><\/em><\/p>\n<p>&nbsp;<\/p>\n<p><em><strong>Filmografia<\/strong><\/em><\/p>\n<dl>\n<dd><\/dd>\n<\/dl>\n<h3>Telev\u00edzna dr\u00e1ma<\/h3>\n<table border=\"2\" cellspacing=\"0\" cellpadding=\"4\">\n<tbody>\n<tr align=\"center\" bgcolor=\"#B0C4DE\">\n<th>Rok<\/th>\n<th>N\u00e1zov<\/th>\n<th>\u00daloha<\/th>\n<th>TV Stanica<\/th>\n<\/tr>\n<tr>\n<td>2009<\/td>\n<td><em><a title=\"Queen Seondeok (TV series) (str\u00e1nka neexistuje)\" href=\"http:\/\/sk.wikipedia.org\/w\/index.php?title=Queen_Seondeok_(TV_series)&amp;action=edit&amp;redlink=1\">Queen SeonDeok<\/a><\/em><\/td>\n<td>Young Mo<\/td>\n<td><a title=\"Munhwa Broadcasting Corporation (str\u00e1nka neexistuje)\" href=\"http:\/\/sk.wikipedia.org\/w\/index.php?title=Munhwa_Broadcasting_Corporation&amp;action=edit&amp;redlink=1\">MBC<\/a><\/td>\n<\/tr>\n<tr>\n<td>2010<\/td>\n<td><em><a title=\"Master of Study (str\u00e1nka neexistuje)\" href=\"http:\/\/sk.wikipedia.org\/w\/index.php?title=Master_of_Study&amp;action=edit&amp;redlink=1\">Master of Study<\/a><\/em><\/td>\n<td>Cameo<\/td>\n<td><a title=\"Korean Broadcasting System (str\u00e1nka neexistuje)\" href=\"http:\/\/sk.wikipedia.org\/w\/index.php?title=Korean_Broadcasting_System&amp;action=edit&amp;redlink=1\">KBS<\/a><\/td>\n<\/tr>\n<tr>\n<td>2010<\/td>\n<td><em>Southern Trader Kim Chul Soo&#8217;s Updates<\/em><\/td>\n<td>Lee Kyung<\/td>\n<td><a title=\"Korean Broadcasting System (str\u00e1nka neexistuje)\" href=\"http:\/\/sk.wikipedia.org\/w\/index.php?title=Korean_Broadcasting_System&amp;action=edit&amp;redlink=1\">KBS<\/a><\/td>\n<\/tr>\n<tr>\n<td>2010<\/td>\n<td><em><a title=\"Giant (TV series) (str\u00e1nka neexistuje)\" href=\"http:\/\/sk.wikipedia.org\/w\/index.php?title=Giant_(TV_series)&amp;action=edit&amp;redlink=1\">Giants<\/a><\/em><\/td>\n<td>Cameo<\/td>\n<td><a title=\"Seoul Broadcasting System (str\u00e1nka neexistuje)\" href=\"http:\/\/sk.wikipedia.org\/w\/index.php?title=Seoul_Broadcasting_System&amp;action=edit&amp;redlink=1\">SBS<\/a><\/td>\n<\/tr>\n<tr>\n<td>2011<\/td>\n<td><em><a title=\"The King of Legend (str\u00e1nka neexistuje)\" href=\"http:\/\/sk.wikipedia.org\/w\/index.php?title=The_King_of_Legend&amp;action=edit&amp;redlink=1\">King Geunchogo<\/a><\/em><\/td>\n<td>Princezn\u00e1 Bu Yeojin<\/td>\n<td><a title=\"Korean Broadcasting System (str\u00e1nka neexistuje)\" href=\"http:\/\/sk.wikipedia.org\/w\/index.php?title=Korean_Broadcasting_System&amp;action=edit&amp;redlink=1\">KBS<\/a><\/td>\n<\/tr>\n<\/tbody>\n<\/table>\n<h2>&nbsp;<\/h2>\n<h2>Extern\u00e9 odkazy<\/h2>\n<ul>\n<li><a href=\"https:\/\/twitter.com\/qripretty\" rel=\"nofollow\">Ofici\u00e1lny twitter<\/a><\/li>\n<li><a href=\"https:\/\/861212.com\/\" rel=\"nofollow\">QRI Kingdom &#8211; fanstr\u00e1nka<\/a><\/li>\n<\/ul>\n<p>&nbsp;<\/p>\n<h2>Gal\u00e9ria<\/h2>\n<p>[nggallery id=9]<\/p>\n<\/div>\n<\/div>\n","protected":false},"excerpt":{"rendered":"<p>Qri (slovensky: Kchjuri) &nbsp; &nbsp; Qri &nbsp; &nbsp; Z\u00e1kladn\u00e9 inform\u00e1cie Rodn\u00e9&nbsp;meno Lee Ji-hyun Umeleck\u00e9&nbsp;men\u00e1 Qri, Q-ri, Kyuri Narodenie 12. december&nbsp;1986(29 rokov) Seoul,&nbsp;K\u00f3rejsk\u00e1 republika P\u00f4sobenie spev\u00e1\u010dka&nbsp;here\u010dka&nbsp;modelka \u017d\u00e1ner KPop Roky p\u00f4sobenia 2009 &#8211; S\u00fa\u010dasnos\u0165 Vydavate\u013estv\u00e1 Core Contents Media,&nbsp;Mnet Media Webstr\u00e1nka www.861212.com Lee Ji-hyun&nbsp;(\u010d\u00edta sa ako I Ji-hyeon) (|\uc774|\uc9c0|\ud604), (|\u674e|\u667a|\u8ce2|); naroden\u00e1 12. Decembra, 1986), zn\u00e1ma pod umeleck\u00fdm menom&nbsp;Qri, [&hellip;]<\/p>\n","protected":false},"author":1,"featured_media":0,"parent":952,"menu_order":0,"comment_status":"closed","ping_status":"closed","template":"","meta":{"footnotes":"","_links_to":"","_links_to_target":""},"class_list":["post-82","page","type-page","status-publish","hentry"],"_links":{"self":[{"href":"https:\/\/peterprotus.eu\/index.php?rest_route=\/wp\/v2\/pages\/82","targetHints":{"allow":["GET"]}}],"collection":[{"href":"https:\/\/peterprotus.eu\/index.php?rest_route=\/wp\/v2\/pages"}],"about":[{"href":"https:\/\/peterprotus.eu\/index.php?rest_route=\/wp\/v2\/types\/page"}],"author":[{"embeddable":true,"href":"https:\/\/peterprotus.eu\/index.php?rest_route=\/wp\/v2\/users\/1"}],"replies":[{"embeddable":true,"href":"https:\/\/peterprotus.eu\/index.php?rest_route=%2Fwp%2Fv2%2Fcomments&post=82"}],"version-history":[{"count":28,"href":"https:\/\/peterprotus.eu\/index.php?rest_route=\/wp\/v2\/pages\/82\/revisions"}],"predecessor-version":[{"id":1707,"href":"https:\/\/peterprotus.eu\/index.php?rest_route=\/wp\/v2\/pages\/82\/revisions\/1707"}],"up":[{"embeddable":true,"href":"https:\/\/peterprotus.eu\/index.php?rest_route=\/wp\/v2\/pages\/952"}],"wp:attachment":[{"href":"https:\/\/peterprotus.eu\/index.php?rest_route=%2Fwp%2Fv2%2Fmedia&parent=82"}],"curies":[{"name":"wp","href":"https:\/\/api.w.org\/{rel}","templated":true}]}}