{"id":6,"date":"2011-10-22T12:28:31","date_gmt":"2011-10-22T12:28:31","guid":{"rendered":"http:\/\/lordmmx.net\/?page_id=6"},"modified":"2023-02-18T21:09:25","modified_gmt":"2023-02-18T21:09:25","slug":"hlavna-stranka","status":"publish","type":"page","link":"https:\/\/peterprotus.eu\/","title":{"rendered":"Hlavn\u00e1 str\u00e1nka"},"content":{"rendered":"<h2><strong>VITAJTE!<\/strong><\/h2>\n<p>&nbsp;<\/p>\n<p>V\u00edtam V\u00e1s na osobnom webe\/blogu\/f\u00f3re\/daewoowebe \ud83d\ude42<\/p>\n<p>Na tejto str\u00e1nke n\u00e1jdete v\u0161etko o mne, mojom \u017eivote, mojich z\u00e1\u013eub\u00e1ch, mojej v\u00e1\u0161ni k autu, a podobne.<\/p>\n<p>Sta\u010d\u00ed sa preklika\u0165 cez menu kam potrebujete.<\/p>\n<p>\u010eakujem za n\u00e1v\u0161tevu.<\/p>\n<p>&nbsp;<\/p>\n<p><strong><span style=\"color: #ff0000;\">Prev\u00e1dzkujem dom\u00e9nu <a href=\"http:\/\/www.daewoo.sk\">www.daewoo.sk<\/a> &#8211;<\/span><\/strong><span style=\"color: #000000;\"> postupne dop\u013a\u0148am obsah, bude sl\u00fa\u017ei\u0165 ako arch\u00edv\/neoficialne oficialny web pre majite\u013eov \u00e1ut zna\u010dky (GM) Daewoo.&nbsp;<\/span><\/p>\n<p>Som \u010dlenom <a href=\"http:\/\/daewooclub.com\">daewooclub.com<\/a><\/p>\n<p>&nbsp;<\/p>\n<p><a title=\"Chevrolet Daewoo club forum\" href=\"http:\/\/www.chevroletclub.cz\"><img loading=\"lazy\" decoding=\"async\" src=\"http:\/\/www.chevroletclub.cz\/links\/banner_daewooclub2.jpg\" alt=\"Chevrolet Daewoo club forum\" width=\"468\" height=\"60\" border=\"0\"><\/a><\/p>\n","protected":false},"excerpt":{"rendered":"<p>VITAJTE! &nbsp; V\u00edtam V\u00e1s na osobnom webe\/blogu\/f\u00f3re\/daewoowebe \ud83d\ude42 Na tejto str\u00e1nke n\u00e1jdete v\u0161etko o mne, mojom \u017eivote, mojich z\u00e1\u013eub\u00e1ch, mojej v\u00e1\u0161ni k autu, a podobne. Sta\u010d\u00ed sa preklika\u0165 cez menu kam potrebujete. \u010eakujem za n\u00e1v\u0161tevu. &nbsp; Prev\u00e1dzkujem dom\u00e9nu www.daewoo.sk &#8211; postupne dop\u013a\u0148am obsah, bude sl\u00fa\u017ei\u0165 ako arch\u00edv\/neoficialne oficialny web pre majite\u013eov \u00e1ut zna\u010dky (GM) Daewoo.&nbsp; [&hellip;]<\/p>\n","protected":false},"author":1,"featured_media":0,"parent":0,"menu_order":0,"comment_status":"closed","ping_status":"closed","template":"","meta":{"footnotes":"","_links_to":"","_links_to_target":""},"class_list":["post-6","page","type-page","status-publish","hentry"],"_links":{"self":[{"href":"https:\/\/peterprotus.eu\/index.php?rest_route=\/wp\/v2\/pages\/6","targetHints":{"allow":["GET"]}}],"collection":[{"href":"https:\/\/peterprotus.eu\/index.php?rest_route=\/wp\/v2\/pages"}],"about":[{"href":"https:\/\/peterprotus.eu\/index.php?rest_route=\/wp\/v2\/types\/page"}],"author":[{"embeddable":true,"href":"https:\/\/peterprotus.eu\/index.php?rest_route=\/wp\/v2\/users\/1"}],"replies":[{"embeddable":true,"href":"https:\/\/peterprotus.eu\/index.php?rest_route=%2Fwp%2Fv2%2Fcomments&post=6"}],"version-history":[{"count":12,"href":"https:\/\/peterprotus.eu\/index.php?rest_route=\/wp\/v2\/pages\/6\/revisions"}],"predecessor-version":[{"id":1603,"href":"https:\/\/peterprotus.eu\/index.php?rest_route=\/wp\/v2\/pages\/6\/revisions\/1603"}],"wp:attachment":[{"href":"https:\/\/peterprotus.eu\/index.php?rest_route=%2Fwp%2Fv2%2Fmedia&parent=6"}],"curies":[{"name":"wp","href":"https:\/\/api.w.org\/{rel}","templated":true}]}}