{"id":416,"date":"2014-07-10T10:06:56","date_gmt":"2014-07-10T10:06:56","guid":{"rendered":"http:\/\/lordmmx.com\/?page_id=416"},"modified":"2023-02-18T20:50:33","modified_gmt":"2023-02-18T20:50:33","slug":"opel-corsa-b","status":"publish","type":"page","link":"https:\/\/peterprotus.eu\/?page_id=416","title":{"rendered":"Opel Corsa B"},"content":{"rendered":"<p><a href=\"http:\/\/peterprotus.eu\/wp-content\/uploads\/2022\/11\/466-4669043_opel-logo-png-for-kids-png-download-opel.png\"><img loading=\"lazy\" decoding=\"async\" class=\"wp-image-1449 aligncenter\" src=\"http:\/\/peterprotus.eu\/wp-content\/uploads\/2022\/11\/466-4669043_opel-logo-png-for-kids-png-download-opel.png\" alt=\"\" width=\"386\" height=\"141\" srcset=\"https:\/\/peterprotus.eu\/wp-content\/uploads\/2022\/11\/466-4669043_opel-logo-png-for-kids-png-download-opel.png 860w, https:\/\/peterprotus.eu\/wp-content\/uploads\/2022\/11\/466-4669043_opel-logo-png-for-kids-png-download-opel-300x110.png 300w, https:\/\/peterprotus.eu\/wp-content\/uploads\/2022\/11\/466-4669043_opel-logo-png-for-kids-png-download-opel-768x280.png 768w\" sizes=\"auto, (max-width: 386px) 100vw, 386px\" \/><\/a><\/p>\n<p>Opel Corsa 1.0 12V r.v. 1998.<\/p>\n<p>Mal\u00e9-ve\u013ek\u00e9 zlostn\u00e9 modr\u00e9 voz\u00edtko, s ktor\u00fdm som pobehal cel\u00fa republiku a moment\u00e1lne sl\u00fa\u017ei kamar\u00e1tovi ako rodinn\u00e9 vozidlo.<\/p>\n<p>Corsu&nbsp;som z\u00edskal od b\u00fdvalej kolegyne za ur\u010dit\u00fa protislu\u017ebu, ktor\u00fa tu nebudem rozobera\u0165, nako\u013eko sa vyjadrila, \u017ee jej je \u013e\u00fato necha\u0165 Corsu na dvore ch\u00e1tra\u0165.<\/p>\n<p>Bol to litrov\u00fd trojvalec s re\u0165azov\u00fdm rozvodom , dvomi airbagmi, elektrick\u00fdm servom a centr\u00e1lom. Motor m\u00e1 v\u00fdkon 40kw, \u010do na tak mal\u00fd stroj bohate posta\u010duje. Na Corse som musel necha\u0165 vymeni\u0165 zadn\u00fa n\u00e1pravu, da\u0165 spravi\u0165 \u010dapy a brzdy a z\u00e1kladn\u00fd servis v podobe v\u00fdmeny filtrov a oleja. K luxusnej v\u00fdbave som pridal parkovacie senzory a SD\/MMC r\u00e1dio od Sencoru. &nbsp;Vzh\u013eadom na to, \u017ee sa jednalo o dovoz z nemecka (vyv\u00e1\u013ean\u00fd niekde a polepen\u00fd ziskuchtiv\u00fdm slov\u00e1kom), v TP s\u00fa zap\u00edsan\u00e9 r\u00f4zne rozmery pneumat\u00edk.<\/p>\n<p>Auto je z vonku stra\u0161ne mali\u010dk\u00e9 ale vo vn\u00fatri je viac miesta ne\u017e v Nexii.<\/p>\n<p>S corsou som pochodil republiku, vr\u00e1tane Banskej Bystrice, Zvolena, Detvy, Ko\u0161\u00edc, \u017diliny, Martina, Popradu, Ru\u017eomberku a podobne&#8230; Spotreba bola mimo mesta cca 3.5L \/ 100Km \u010do bolo nie\u010do \u00fa\u017easn\u00e9.<\/p>\n<p><strong>Keby som mal mo\u017enos\u0165, k\u00fapim Corsu znova. <span style=\"color: #ff0000;\">Bez v\u00e1hania.<\/span><\/strong><\/p>\n","protected":false},"excerpt":{"rendered":"<p>Opel Corsa 1.0 12V r.v. 1998. Mal\u00e9-ve\u013ek\u00e9 zlostn\u00e9 modr\u00e9 voz\u00edtko, s ktor\u00fdm som pobehal cel\u00fa republiku a moment\u00e1lne sl\u00fa\u017ei kamar\u00e1tovi ako rodinn\u00e9 vozidlo. Corsu&nbsp;som z\u00edskal od b\u00fdvalej kolegyne za ur\u010dit\u00fa protislu\u017ebu, ktor\u00fa tu nebudem rozobera\u0165, nako\u013eko sa vyjadrila, \u017ee jej je \u013e\u00fato necha\u0165 Corsu na dvore ch\u00e1tra\u0165. Bol to litrov\u00fd trojvalec s re\u0165azov\u00fdm rozvodom , [&hellip;]<\/p>\n","protected":false},"author":1,"featured_media":0,"parent":1592,"menu_order":4,"comment_status":"closed","ping_status":"closed","template":"","meta":{"footnotes":"","_links_to":"","_links_to_target":""},"class_list":["post-416","page","type-page","status-publish","hentry"],"_links":{"self":[{"href":"https:\/\/peterprotus.eu\/index.php?rest_route=\/wp\/v2\/pages\/416","targetHints":{"allow":["GET"]}}],"collection":[{"href":"https:\/\/peterprotus.eu\/index.php?rest_route=\/wp\/v2\/pages"}],"about":[{"href":"https:\/\/peterprotus.eu\/index.php?rest_route=\/wp\/v2\/types\/page"}],"author":[{"embeddable":true,"href":"https:\/\/peterprotus.eu\/index.php?rest_route=\/wp\/v2\/users\/1"}],"replies":[{"embeddable":true,"href":"https:\/\/peterprotus.eu\/index.php?rest_route=%2Fwp%2Fv2%2Fcomments&post=416"}],"version-history":[{"count":7,"href":"https:\/\/peterprotus.eu\/index.php?rest_route=\/wp\/v2\/pages\/416\/revisions"}],"predecessor-version":[{"id":1451,"href":"https:\/\/peterprotus.eu\/index.php?rest_route=\/wp\/v2\/pages\/416\/revisions\/1451"}],"up":[{"embeddable":true,"href":"https:\/\/peterprotus.eu\/index.php?rest_route=\/wp\/v2\/pages\/1592"}],"wp:attachment":[{"href":"https:\/\/peterprotus.eu\/index.php?rest_route=%2Fwp%2Fv2%2Fmedia&parent=416"}],"curies":[{"name":"wp","href":"https:\/\/api.w.org\/{rel}","templated":true}]}}