{"id":39,"date":"2011-10-25T12:37:55","date_gmt":"2011-10-25T12:37:55","guid":{"rendered":"http:\/\/lordmmx.net\/?page_id=39"},"modified":"2023-05-02T22:41:56","modified_gmt":"2023-05-02T22:41:56","slug":"calmira-longhorn","status":"publish","type":"page","link":"https:\/\/peterprotus.eu\/?page_id=39","title":{"rendered":"Calmira Longhorn"},"content":{"rendered":"<h3>Calmira Longhorn,<\/h3>\n<p>odvar programu Calmira II 3.3 a Calmira XP 4.0B , ktor\u00fd som vyv\u00edjal 3 roky. Jednalo sa o n\u00e1dstavbu grafick\u00e9ho rozhrania pre Windows 3.1x, ktor\u00e1 prid\u00e1vala vzh\u013ead a niektor\u00e9 funkcie Windows Vista.<\/p>\n<p>Vydal som verziu 3.5 ktor\u00e1 obsahovala nejak\u00e9 chyby, potom opraven\u00fa verziu 3.6 ktor\u00e1 u\u017e chyby z verzie 3.5 nemala, plus obsahovala nejak\u00e9 vylep\u0161enia. &nbsp;Calmira je asi jedin\u00fd projekt, v\u010faka ktor\u00e9mu sa moje meno objavilo na r\u00f4znych zahrani\u010dn\u00fdch serveroch vr\u00e1tane Wikipedie.<\/p>\n<p><strong>Calmira Longhorn vy\u0161la aj vo franc\u00fazskej mut\u00e1ci\u00ed. Komplet diskusiu s franc\u00fazskymi program\u00e1tormi a prekladate\u013emi n\u00e1jdete tu:&nbsp;<\/strong><\/p>\n<p><a href=\"http:\/\/www.win3x.org\/win3board\/viewtopic.php?t=4019\"><strong>http:\/\/www.win3x.org\/win3board\/viewtopic.php?t=4019<\/strong><\/a><\/p>\n<p>Nesk\u00f4r som pl\u00e1noval vyda\u0165 Calmiru Blackcomb, \u010do mala by\u0165 vlastne n\u00e1stupca longhornu a mala obsahova\u0165 prvky Windows 7, od toho som v\u0161ak upustil a projekt som ukon\u010dil.<\/p>\n<h3>Screenshoty:<\/h3>\n<figure style=\"width: 552px\" class=\"wp-caption aligncenter\"><img loading=\"lazy\" decoding=\"async\" class=\" \" title=\"Calmira Longhorn Login Screen\" src=\"http:\/\/s4.postimage.org\/7jwpeucsb\/calmira.jpg\" alt=\"\" width=\"552\" height=\"415\"><figcaption class=\"wp-caption-text\">Calmira Longhorn &#8211; prihlasovacia obrazovka<\/figcaption><\/figure>\n<figure style=\"width: 614px\" class=\"wp-caption aligncenter\"><img loading=\"lazy\" decoding=\"async\" title=\"Calmira Longhorn - loading\" src=\"http:\/\/s4.postimage.org\/obi0xld17\/calmira2.jpg\" alt=\"\" width=\"614\" height=\"462\"><figcaption class=\"wp-caption-text\">Calmira Longhorn &#8211; Na\u010d\u00edtanie programu<\/figcaption><\/figure>\n<figure style=\"width: 614px\" class=\"wp-caption aligncenter\"><img loading=\"lazy\" decoding=\"async\" class=\" \" title=\"Calmira Longhorn - Plocha\" src=\"http:\/\/s4.postimage.org\/hjfa9mc3v\/calmira3.jpg\" alt=\"\" width=\"614\" height=\"462\"><figcaption class=\"wp-caption-text\">Calmira Longhorn &#8211; Plocha<\/figcaption><\/figure>\n<p><strong>Viac inform\u00e1ci\u00ed a pr\u00edpadn\u00e9 s\u00fabory na stiahnutie + zdrojov\u00e9 k\u00f3dy n\u00e1jdete tu:<\/strong><\/p>\n<p><a href=\"http:\/\/calmira.co.nr\" target=\"_blank\" rel=\"noopener\">CALMIRA LONGHORN OFFICIAL SITE<\/a><\/p>\n<p>&nbsp;<\/p>\n<p><strong>\u010eal\u0161ie str\u00e1nky ktor\u00e9 sa o Calmira Longhorn zmienili:<\/strong><\/p>\n<p><a href=\"http:\/\/en.wikipedia.org\/wiki\/Calmira#Modified_versions\">http:\/\/en.wikipedia.org\/wiki\/Calmira#Modified_versions<\/a><\/p>\n<p><a href=\"http:\/\/vogons.zetafleet.com\/viewtopic.php?t=19035\">http:\/\/vogons.zetafleet.com\/viewtopic.php?t=19035<\/a><\/p>\n<p><a href=\"http:\/\/www.facebook.com\/pages\/Calmira\/112617388751404\">http:\/\/www.facebook.com\/pages\/Calmira\/112617388751404<\/a><\/p>\n<p><a href=\"http:\/\/encoresoup.net\/Calmira\">http:\/\/encoresoup.net\/Calmira<\/a><\/p>\n<p><a href=\"http:\/\/www.win31.de\/board\/showtopic.php?threadid=794\">http:\/\/www.win31.de\/board\/showtopic.php?threadid=794<\/a><\/p>\n<p><a href=\"http:\/\/www.d.burgess.clara.net\/calmira.htm\">http:\/\/www.d.burgess.clara.net\/calmira.htm<\/a><\/p>\n<p><a href=\"http:\/\/www.multimediaexpo.eu\/wiki\/Calmira\">http:\/\/www.multimediaexpo.eu\/wiki\/Calmira<\/a><\/p>\n","protected":false},"excerpt":{"rendered":"<p>Calmira Longhorn, odvar programu Calmira II 3.3 a Calmira XP 4.0B , ktor\u00fd som vyv\u00edjal 3 roky. Jednalo sa o n\u00e1dstavbu grafick\u00e9ho rozhrania pre Windows 3.1x, ktor\u00e1 prid\u00e1vala vzh\u013ead a niektor\u00e9 funkcie Windows Vista. Vydal som verziu 3.5 ktor\u00e1 obsahovala nejak\u00e9 chyby, potom opraven\u00fa verziu 3.6 ktor\u00e1 u\u017e chyby z verzie 3.5 nemala, plus obsahovala [&hellip;]<\/p>\n","protected":false},"author":1,"featured_media":0,"parent":13,"menu_order":1,"comment_status":"open","ping_status":"open","template":"","meta":{"footnotes":"","_links_to":"","_links_to_target":""},"class_list":["post-39","page","type-page","status-publish","hentry"],"_links":{"self":[{"href":"https:\/\/peterprotus.eu\/index.php?rest_route=\/wp\/v2\/pages\/39","targetHints":{"allow":["GET"]}}],"collection":[{"href":"https:\/\/peterprotus.eu\/index.php?rest_route=\/wp\/v2\/pages"}],"about":[{"href":"https:\/\/peterprotus.eu\/index.php?rest_route=\/wp\/v2\/types\/page"}],"author":[{"embeddable":true,"href":"https:\/\/peterprotus.eu\/index.php?rest_route=\/wp\/v2\/users\/1"}],"replies":[{"embeddable":true,"href":"https:\/\/peterprotus.eu\/index.php?rest_route=%2Fwp%2Fv2%2Fcomments&post=39"}],"version-history":[{"count":10,"href":"https:\/\/peterprotus.eu\/index.php?rest_route=\/wp\/v2\/pages\/39\/revisions"}],"predecessor-version":[{"id":1612,"href":"https:\/\/peterprotus.eu\/index.php?rest_route=\/wp\/v2\/pages\/39\/revisions\/1612"}],"up":[{"embeddable":true,"href":"https:\/\/peterprotus.eu\/index.php?rest_route=\/wp\/v2\/pages\/13"}],"wp:attachment":[{"href":"https:\/\/peterprotus.eu\/index.php?rest_route=%2Fwp%2Fv2%2Fmedia&parent=39"}],"curies":[{"name":"wp","href":"https:\/\/api.w.org\/{rel}","templated":true}]}}