{"id":31,"date":"2011-10-25T12:23:12","date_gmt":"2011-10-25T12:23:12","guid":{"rendered":"http:\/\/lordmmx.net\/?page_id=31"},"modified":"2015-03-03T21:48:02","modified_gmt":"2015-03-03T21:48:02","slug":"kyblsoft-editor","status":"publish","type":"page","link":"https:\/\/peterprotus.eu\/?page_id=31","title":{"rendered":"K\u00ddBLSoft Editor"},"content":{"rendered":"<h3>K\u00ddBLSoft Editor,<\/h3>\n<p>program ktor\u00fd som vyv\u00edjal bezm\u00e1la takmer 5 rokov, \u00a0p\u00f4vodne ur\u010den\u00fd na \u00fapravu dokumentov, sa nesk\u00f4r vyvinul v program ktor\u00fd dok\u00e1zal prehr\u00e1va\u0165 hudbu\/filmy, bruzda\u0165 netom, prehliada\u0165 obr\u00e1zky, napa\u013eova\u0165&#8230; S v\u00fdvojom som skon\u010dil 5. j\u00fana 2011, tak\u017ee verzia 7.5 nikdy neuzrela svetlo sveta&#8230; a\u017e doteraz&#8230; zverej\u0148ujem tu verziu 7.5 Beta a takisto 7.4 FINAL&#8230;<\/p>\n<p>Verziu 7.5 odpor\u00fa\u010dam sk\u00f4r pre pote\u0161enie ne\u017e pre serioznej\u0161iu pr\u00e1cu&#8230; k verzii 7.5 nepriba\u013eujem \u017eiadny plugin.<\/p>\n<p>&nbsp;<\/p>\n<p><strong>Nejak\u00e9 screenshoty:<\/strong><\/p>\n<p style=\"text-align: center;\"><a href=\"http:\/\/lordmmx.net\/wp-content\/uploads\/2011\/10\/bootlogo-new.jpg\"><img loading=\"lazy\" decoding=\"async\" class=\"aligncenter size-full wp-image-32\" title=\"bootlogo-new\" src=\"http:\/\/lordmmx.net\/wp-content\/uploads\/2011\/10\/bootlogo-new.jpg\" alt=\"\" width=\"512\" height=\"384\" srcset=\"https:\/\/peterprotus.eu\/wp-content\/uploads\/2011\/10\/bootlogo-new.jpg 640w, https:\/\/peterprotus.eu\/wp-content\/uploads\/2011\/10\/bootlogo-new-300x225.jpg 300w\" sizes=\"auto, (max-width: 512px) 100vw, 512px\" \/><\/a><\/p>\n<p style=\"text-align: center;\"><a href=\"http:\/\/lordmmx.net\/wp-content\/uploads\/2011\/10\/1.png\"><img loading=\"lazy\" decoding=\"async\" class=\"aligncenter size-full wp-image-33\" title=\"1\" src=\"http:\/\/lordmmx.net\/wp-content\/uploads\/2011\/10\/1.png\" alt=\"\" width=\"564\" height=\"401\" srcset=\"https:\/\/peterprotus.eu\/wp-content\/uploads\/2011\/10\/1.png 805w, https:\/\/peterprotus.eu\/wp-content\/uploads\/2011\/10\/1-300x213.png 300w\" sizes=\"auto, (max-width: 564px) 100vw, 564px\" \/><\/a><\/p>\n<p>&nbsp;<\/p>\n<h3>DOWNLOAD:<\/h3>\n<p><a href=\"http:\/\/lordmmx.net\/wp-content\/uploads\/2011\/10\/KED75B1.zip\">K\u00ddBLSoft Editor 7.5 Beta 1<\/a><\/p>\n<p><a href=\"http:\/\/lordmmx.net\/wp-content\/uploads\/2011\/10\/ked74.rar\">K\u00ddBLSoft Editor 7.4<\/a><\/p>\n<p>&nbsp;<\/p>\n<p>&nbsp;<\/p>\n<p>&nbsp;<\/p>\n<p>&nbsp;<\/p>\n<p>&nbsp;<\/p>\n","protected":false},"excerpt":{"rendered":"<p>K\u00ddBLSoft Editor, program ktor\u00fd som vyv\u00edjal bezm\u00e1la takmer 5 rokov, \u00a0p\u00f4vodne ur\u010den\u00fd na \u00fapravu dokumentov, sa nesk\u00f4r vyvinul v program ktor\u00fd dok\u00e1zal prehr\u00e1va\u0165 hudbu\/filmy, bruzda\u0165 netom, prehliada\u0165 obr\u00e1zky, napa\u013eova\u0165&#8230; S v\u00fdvojom som skon\u010dil 5. j\u00fana 2011, tak\u017ee verzia 7.5 nikdy neuzrela svetlo sveta&#8230; a\u017e doteraz&#8230; zverej\u0148ujem tu verziu 7.5 Beta a takisto 7.4 FINAL&#8230; Verziu [&hellip;]<\/p>\n","protected":false},"author":1,"featured_media":0,"parent":13,"menu_order":0,"comment_status":"open","ping_status":"open","template":"","meta":{"footnotes":"","_links_to":"","_links_to_target":""},"class_list":["post-31","page","type-page","status-publish","hentry"],"_links":{"self":[{"href":"https:\/\/peterprotus.eu\/index.php?rest_route=\/wp\/v2\/pages\/31","targetHints":{"allow":["GET"]}}],"collection":[{"href":"https:\/\/peterprotus.eu\/index.php?rest_route=\/wp\/v2\/pages"}],"about":[{"href":"https:\/\/peterprotus.eu\/index.php?rest_route=\/wp\/v2\/types\/page"}],"author":[{"embeddable":true,"href":"https:\/\/peterprotus.eu\/index.php?rest_route=\/wp\/v2\/users\/1"}],"replies":[{"embeddable":true,"href":"https:\/\/peterprotus.eu\/index.php?rest_route=%2Fwp%2Fv2%2Fcomments&post=31"}],"version-history":[{"count":7,"href":"https:\/\/peterprotus.eu\/index.php?rest_route=\/wp\/v2\/pages\/31\/revisions"}],"predecessor-version":[{"id":537,"href":"https:\/\/peterprotus.eu\/index.php?rest_route=\/wp\/v2\/pages\/31\/revisions\/537"}],"up":[{"embeddable":true,"href":"https:\/\/peterprotus.eu\/index.php?rest_route=\/wp\/v2\/pages\/13"}],"wp:attachment":[{"href":"https:\/\/peterprotus.eu\/index.php?rest_route=%2Fwp%2Fv2%2Fmedia&parent=31"}],"curies":[{"name":"wp","href":"https:\/\/api.w.org\/{rel}","templated":true}]}}