{"id":309,"date":"2014-04-01T20:38:41","date_gmt":"2014-04-01T20:38:41","guid":{"rendered":"http:\/\/lordmmx.com\/?page_id=309"},"modified":"2023-02-18T20:51:52","modified_gmt":"2023-02-18T20:51:52","slug":"daewoo-espero","status":"publish","type":"page","link":"https:\/\/peterprotus.eu\/?page_id=309","title":{"rendered":"Daewoo Espero"},"content":{"rendered":"<p><a href=\"http:\/\/peterprotus.eu\/wp-content\/uploads\/2023\/02\/GMDAT_DI.png\"><img loading=\"lazy\" decoding=\"async\" class=\"alignright wp-image-1594 \" src=\"http:\/\/peterprotus.eu\/wp-content\/uploads\/2023\/02\/GMDAT_DI-1024x576.png\" alt=\"\" width=\"331\" height=\"186\" srcset=\"https:\/\/peterprotus.eu\/wp-content\/uploads\/2023\/02\/GMDAT_DI-1024x576.png 1024w, https:\/\/peterprotus.eu\/wp-content\/uploads\/2023\/02\/GMDAT_DI-300x169.png 300w, https:\/\/peterprotus.eu\/wp-content\/uploads\/2023\/02\/GMDAT_DI-768x432.png 768w, https:\/\/peterprotus.eu\/wp-content\/uploads\/2023\/02\/GMDAT_DI-1536x864.png 1536w, https:\/\/peterprotus.eu\/wp-content\/uploads\/2023\/02\/GMDAT_DI-2048x1152.png 2048w\" sizes=\"auto, (max-width: 331px) 100vw, 331px\" \/><\/a><\/p>\n<p>&nbsp;<\/p>\n<p>Daewoo Espero 1.5 16V GLX<\/p>\n<p>&#8212;&#8211;<\/p>\n<p>Nov\u00fd \u010dlen mojej malej daewoo rodinky. Je to auto, ktor\u00e9 som za naozaj v\u00fdborn\u00fa cenu z\u00edskal od kamar\u00e1ta v pomerne zlom karos\u00e1rskom stave a s nefunk\u010dn\u00fdmi brzdami.<\/p>\n<p>&nbsp;<\/p>\n<p>Espero bola vlajkov\u00e1 lo\u010f K\u00f3rejskej automobilky Daewoo uveden\u00e1 na trh v roku 1990. Vyr\u00e1balo sa s drobn\u00fdmi zmenami a\u017e do roku 1997 (v niektor\u00fdch krajin\u00e1ch tro\u0161ku dlh\u0161ie) kedy ho nahradila Nubira a Leganza.<\/p>\n<p>Espero je postaven\u00e9 na Opli Vectra prvej gener\u00e1cie (hoc by som povedal, \u017ee podvozok je sk\u00f4r z kadetta). Pri uveden\u00ed na trh malo motor 2.0 8V o v\u00fdkone 77kw postaven\u00fd na Opl\u00e1ckom C20NE , nesk\u00f4r v\u0161ak dostalo aj motor 1.5 16V, ktor\u00fd sa montoval aj do Nexie.<\/p>\n<p>&nbsp;<\/p>\n<p><strong>Espero bolo vyhl\u00e1sen\u00e9 z evidencie 18.8.2016.&nbsp;<\/strong><\/p>\n<p>Gal\u00e9ria:<\/p>\n<div id='gallery-1' class='gallery galleryid-309 gallery-columns-3 gallery-size-thumbnail'><figure class='gallery-item'>\n\t\t\t<div class='gallery-icon portrait'>\n\t\t\t\t<a href='https:\/\/peterprotus.eu\/?attachment_id=1038'><img loading=\"lazy\" decoding=\"async\" width=\"150\" height=\"150\" src=\"https:\/\/peterprotus.eu\/wp-content\/uploads\/2014\/04\/2014-04-10-12.04.39-150x150.jpg\" class=\"attachment-thumbnail size-thumbnail\" alt=\"\" srcset=\"https:\/\/peterprotus.eu\/wp-content\/uploads\/2014\/04\/2014-04-10-12.04.39-150x150.jpg 150w, https:\/\/peterprotus.eu\/wp-content\/uploads\/2014\/04\/2014-04-10-12.04.39-144x144.jpg 144w\" sizes=\"auto, (max-width: 150px) 100vw, 150px\" \/><\/a>\n\t\t\t<\/div><\/figure><figure class='gallery-item'>\n\t\t\t<div class='gallery-icon portrait'>\n\t\t\t\t<a href='https:\/\/peterprotus.eu\/?attachment_id=1039'><img loading=\"lazy\" decoding=\"async\" width=\"150\" height=\"150\" src=\"https:\/\/peterprotus.eu\/wp-content\/uploads\/2014\/04\/2014-04-10-12.04.47-150x150.jpg\" class=\"attachment-thumbnail size-thumbnail\" alt=\"\" srcset=\"https:\/\/peterprotus.eu\/wp-content\/uploads\/2014\/04\/2014-04-10-12.04.47-150x150.jpg 150w, https:\/\/peterprotus.eu\/wp-content\/uploads\/2014\/04\/2014-04-10-12.04.47-144x144.jpg 144w\" sizes=\"auto, (max-width: 150px) 100vw, 150px\" \/><\/a>\n\t\t\t<\/div><\/figure><figure class='gallery-item'>\n\t\t\t<div class='gallery-icon landscape'>\n\t\t\t\t<a href='https:\/\/peterprotus.eu\/?attachment_id=1042'><img loading=\"lazy\" decoding=\"async\" width=\"150\" height=\"150\" src=\"https:\/\/peterprotus.eu\/wp-content\/uploads\/2014\/04\/2014-04-10-16.36.36-150x150.jpg\" class=\"attachment-thumbnail size-thumbnail\" alt=\"\" srcset=\"https:\/\/peterprotus.eu\/wp-content\/uploads\/2014\/04\/2014-04-10-16.36.36-150x150.jpg 150w, https:\/\/peterprotus.eu\/wp-content\/uploads\/2014\/04\/2014-04-10-16.36.36-144x144.jpg 144w\" sizes=\"auto, (max-width: 150px) 100vw, 150px\" \/><\/a>\n\t\t\t<\/div><\/figure><figure class='gallery-item'>\n\t\t\t<div class='gallery-icon landscape'>\n\t\t\t\t<a href='https:\/\/peterprotus.eu\/?attachment_id=1044'><img loading=\"lazy\" decoding=\"async\" width=\"150\" height=\"150\" src=\"https:\/\/peterprotus.eu\/wp-content\/uploads\/2014\/04\/2014-05-14-18.49.54-150x150.jpg\" class=\"attachment-thumbnail size-thumbnail\" alt=\"\" srcset=\"https:\/\/peterprotus.eu\/wp-content\/uploads\/2014\/04\/2014-05-14-18.49.54-150x150.jpg 150w, https:\/\/peterprotus.eu\/wp-content\/uploads\/2014\/04\/2014-05-14-18.49.54-144x144.jpg 144w\" sizes=\"auto, (max-width: 150px) 100vw, 150px\" \/><\/a>\n\t\t\t<\/div><\/figure><figure class='gallery-item'>\n\t\t\t<div class='gallery-icon landscape'>\n\t\t\t\t<a href='https:\/\/peterprotus.eu\/?attachment_id=1045'><img loading=\"lazy\" decoding=\"async\" width=\"150\" height=\"150\" src=\"https:\/\/peterprotus.eu\/wp-content\/uploads\/2014\/04\/2014-05-14-18.50.02-150x150.jpg\" class=\"attachment-thumbnail size-thumbnail\" alt=\"\" srcset=\"https:\/\/peterprotus.eu\/wp-content\/uploads\/2014\/04\/2014-05-14-18.50.02-150x150.jpg 150w, https:\/\/peterprotus.eu\/wp-content\/uploads\/2014\/04\/2014-05-14-18.50.02-144x144.jpg 144w\" sizes=\"auto, (max-width: 150px) 100vw, 150px\" \/><\/a>\n\t\t\t<\/div><\/figure><figure class='gallery-item'>\n\t\t\t<div class='gallery-icon landscape'>\n\t\t\t\t<a href='https:\/\/peterprotus.eu\/?attachment_id=1037'><img loading=\"lazy\" decoding=\"async\" width=\"150\" height=\"150\" src=\"https:\/\/peterprotus.eu\/wp-content\/uploads\/2014\/04\/2014-03-24-15.36.16-150x150.jpg\" class=\"attachment-thumbnail size-thumbnail\" alt=\"\" srcset=\"https:\/\/peterprotus.eu\/wp-content\/uploads\/2014\/04\/2014-03-24-15.36.16-150x150.jpg 150w, https:\/\/peterprotus.eu\/wp-content\/uploads\/2014\/04\/2014-03-24-15.36.16-144x144.jpg 144w\" sizes=\"auto, (max-width: 150px) 100vw, 150px\" \/><\/a>\n\t\t\t<\/div><\/figure><figure class='gallery-item'>\n\t\t\t<div class='gallery-icon portrait'>\n\t\t\t\t<a href='https:\/\/peterprotus.eu\/?attachment_id=1040'><img loading=\"lazy\" decoding=\"async\" width=\"150\" height=\"150\" src=\"https:\/\/peterprotus.eu\/wp-content\/uploads\/2014\/04\/2014-04-10-16.04.36-150x150.jpg\" class=\"attachment-thumbnail size-thumbnail\" alt=\"\" srcset=\"https:\/\/peterprotus.eu\/wp-content\/uploads\/2014\/04\/2014-04-10-16.04.36-150x150.jpg 150w, https:\/\/peterprotus.eu\/wp-content\/uploads\/2014\/04\/2014-04-10-16.04.36-144x144.jpg 144w\" sizes=\"auto, (max-width: 150px) 100vw, 150px\" \/><\/a>\n\t\t\t<\/div><\/figure><figure class='gallery-item'>\n\t\t\t<div class='gallery-icon landscape'>\n\t\t\t\t<a href='https:\/\/peterprotus.eu\/?attachment_id=1041'><img loading=\"lazy\" decoding=\"async\" width=\"150\" height=\"150\" src=\"https:\/\/peterprotus.eu\/wp-content\/uploads\/2014\/04\/2014-04-10-16.23.21-150x150.jpg\" class=\"attachment-thumbnail size-thumbnail\" alt=\"\" srcset=\"https:\/\/peterprotus.eu\/wp-content\/uploads\/2014\/04\/2014-04-10-16.23.21-150x150.jpg 150w, https:\/\/peterprotus.eu\/wp-content\/uploads\/2014\/04\/2014-04-10-16.23.21-144x144.jpg 144w\" sizes=\"auto, (max-width: 150px) 100vw, 150px\" \/><\/a>\n\t\t\t<\/div><\/figure><figure class='gallery-item'>\n\t\t\t<div class='gallery-icon portrait'>\n\t\t\t\t<a href='https:\/\/peterprotus.eu\/?attachment_id=1043'><img loading=\"lazy\" decoding=\"async\" width=\"150\" height=\"150\" src=\"https:\/\/peterprotus.eu\/wp-content\/uploads\/2014\/04\/2014-04-14-13.24.59-150x150.jpg\" class=\"attachment-thumbnail size-thumbnail\" alt=\"\" srcset=\"https:\/\/peterprotus.eu\/wp-content\/uploads\/2014\/04\/2014-04-14-13.24.59-150x150.jpg 150w, https:\/\/peterprotus.eu\/wp-content\/uploads\/2014\/04\/2014-04-14-13.24.59-144x144.jpg 144w\" sizes=\"auto, (max-width: 150px) 100vw, 150px\" \/><\/a>\n\t\t\t<\/div><\/figure><figure class='gallery-item'>\n\t\t\t<div class='gallery-icon landscape'>\n\t\t\t\t<a href='https:\/\/peterprotus.eu\/?attachment_id=1046'><img loading=\"lazy\" decoding=\"async\" width=\"150\" height=\"150\" src=\"https:\/\/peterprotus.eu\/wp-content\/uploads\/2014\/04\/1970-01-01-01.00.00-484-150x150.jpg\" class=\"attachment-thumbnail size-thumbnail\" alt=\"\" srcset=\"https:\/\/peterprotus.eu\/wp-content\/uploads\/2014\/04\/1970-01-01-01.00.00-484-150x150.jpg 150w, https:\/\/peterprotus.eu\/wp-content\/uploads\/2014\/04\/1970-01-01-01.00.00-484-144x144.jpg 144w\" sizes=\"auto, (max-width: 150px) 100vw, 150px\" \/><\/a>\n\t\t\t<\/div><\/figure><figure class='gallery-item'>\n\t\t\t<div class='gallery-icon portrait'>\n\t\t\t\t<a href='https:\/\/peterprotus.eu\/?attachment_id=1047'><img loading=\"lazy\" decoding=\"async\" width=\"150\" height=\"150\" src=\"https:\/\/peterprotus.eu\/wp-content\/uploads\/2014\/04\/1970-01-01-01.00.00-491-150x150.jpg\" class=\"attachment-thumbnail size-thumbnail\" alt=\"\" srcset=\"https:\/\/peterprotus.eu\/wp-content\/uploads\/2014\/04\/1970-01-01-01.00.00-491-150x150.jpg 150w, https:\/\/peterprotus.eu\/wp-content\/uploads\/2014\/04\/1970-01-01-01.00.00-491-144x144.jpg 144w\" sizes=\"auto, (max-width: 150px) 100vw, 150px\" \/><\/a>\n\t\t\t<\/div><\/figure><figure class='gallery-item'>\n\t\t\t<div class='gallery-icon portrait'>\n\t\t\t\t<a href='https:\/\/peterprotus.eu\/?attachment_id=1048'><img loading=\"lazy\" decoding=\"async\" width=\"150\" height=\"150\" src=\"https:\/\/peterprotus.eu\/wp-content\/uploads\/2014\/04\/2014-02-03-13.18.35-150x150.jpg\" class=\"attachment-thumbnail size-thumbnail\" alt=\"\" srcset=\"https:\/\/peterprotus.eu\/wp-content\/uploads\/2014\/04\/2014-02-03-13.18.35-150x150.jpg 150w, https:\/\/peterprotus.eu\/wp-content\/uploads\/2014\/04\/2014-02-03-13.18.35-144x144.jpg 144w\" sizes=\"auto, (max-width: 150px) 100vw, 150px\" \/><\/a>\n\t\t\t<\/div><\/figure><figure class='gallery-item'>\n\t\t\t<div class='gallery-icon portrait'>\n\t\t\t\t<a href='https:\/\/peterprotus.eu\/?attachment_id=1049'><img loading=\"lazy\" decoding=\"async\" width=\"150\" height=\"150\" src=\"https:\/\/peterprotus.eu\/wp-content\/uploads\/2014\/04\/2014-03-14-15.54.17-150x150.jpg\" class=\"attachment-thumbnail size-thumbnail\" alt=\"\" aria-describedby=\"gallery-1-1049\" srcset=\"https:\/\/peterprotus.eu\/wp-content\/uploads\/2014\/04\/2014-03-14-15.54.17-150x150.jpg 150w, https:\/\/peterprotus.eu\/wp-content\/uploads\/2014\/04\/2014-03-14-15.54.17-144x144.jpg 144w\" sizes=\"auto, (max-width: 150px) 100vw, 150px\" \/><\/a>\n\t\t\t<\/div>\n\t\t\t\t<figcaption class='wp-caption-text gallery-caption' id='gallery-1-1049'>\n\t\t\t\tZTE P940A10, Product Development Dept.VIII developed\n\t\t\t\t<\/figcaption><\/figure><figure class='gallery-item'>\n\t\t\t<div class='gallery-icon portrait'>\n\t\t\t\t<a href='https:\/\/peterprotus.eu\/?attachment_id=1050'><img loading=\"lazy\" decoding=\"async\" width=\"150\" height=\"150\" src=\"https:\/\/peterprotus.eu\/wp-content\/uploads\/2014\/04\/2014-03-14-15.54.19-150x150.jpg\" class=\"attachment-thumbnail size-thumbnail\" alt=\"\" aria-describedby=\"gallery-1-1050\" srcset=\"https:\/\/peterprotus.eu\/wp-content\/uploads\/2014\/04\/2014-03-14-15.54.19-150x150.jpg 150w, https:\/\/peterprotus.eu\/wp-content\/uploads\/2014\/04\/2014-03-14-15.54.19-144x144.jpg 144w\" sizes=\"auto, (max-width: 150px) 100vw, 150px\" \/><\/a>\n\t\t\t<\/div>\n\t\t\t\t<figcaption class='wp-caption-text gallery-caption' id='gallery-1-1050'>\n\t\t\t\tZTE P940A10, Product Development Dept.VIII developed\n\t\t\t\t<\/figcaption><\/figure><figure class='gallery-item'>\n\t\t\t<div class='gallery-icon portrait'>\n\t\t\t\t<a href='https:\/\/peterprotus.eu\/?attachment_id=1051'><img loading=\"lazy\" decoding=\"async\" width=\"150\" height=\"150\" src=\"https:\/\/peterprotus.eu\/wp-content\/uploads\/2014\/04\/2014-03-14-15.54.25-150x150.jpg\" class=\"attachment-thumbnail size-thumbnail\" alt=\"\" aria-describedby=\"gallery-1-1051\" srcset=\"https:\/\/peterprotus.eu\/wp-content\/uploads\/2014\/04\/2014-03-14-15.54.25-150x150.jpg 150w, https:\/\/peterprotus.eu\/wp-content\/uploads\/2014\/04\/2014-03-14-15.54.25-144x144.jpg 144w\" sizes=\"auto, (max-width: 150px) 100vw, 150px\" \/><\/a>\n\t\t\t<\/div>\n\t\t\t\t<figcaption class='wp-caption-text gallery-caption' id='gallery-1-1051'>\n\t\t\t\tZTE P940A10, Product Development Dept.VIII developed\n\t\t\t\t<\/figcaption><\/figure>\n\t\t<\/div>\n\n<p>&nbsp;<\/p>\n","protected":false},"excerpt":{"rendered":"<p>&nbsp; Daewoo Espero 1.5 16V GLX &#8212;&#8211; Nov\u00fd \u010dlen mojej malej daewoo rodinky. Je to auto, ktor\u00e9 som za naozaj v\u00fdborn\u00fa cenu z\u00edskal od kamar\u00e1ta v pomerne zlom karos\u00e1rskom stave a s nefunk\u010dn\u00fdmi brzdami. &nbsp; Espero bola vlajkov\u00e1 lo\u010f K\u00f3rejskej automobilky Daewoo uveden\u00e1 na trh v roku 1990. Vyr\u00e1balo sa s drobn\u00fdmi zmenami a\u017e do [&hellip;]<\/p>\n","protected":false},"author":1,"featured_media":0,"parent":1592,"menu_order":5,"comment_status":"open","ping_status":"open","template":"","meta":{"footnotes":"","_links_to":"","_links_to_target":""},"class_list":["post-309","page","type-page","status-publish","hentry"],"_links":{"self":[{"href":"https:\/\/peterprotus.eu\/index.php?rest_route=\/wp\/v2\/pages\/309","targetHints":{"allow":["GET"]}}],"collection":[{"href":"https:\/\/peterprotus.eu\/index.php?rest_route=\/wp\/v2\/pages"}],"about":[{"href":"https:\/\/peterprotus.eu\/index.php?rest_route=\/wp\/v2\/types\/page"}],"author":[{"embeddable":true,"href":"https:\/\/peterprotus.eu\/index.php?rest_route=\/wp\/v2\/users\/1"}],"replies":[{"embeddable":true,"href":"https:\/\/peterprotus.eu\/index.php?rest_route=%2Fwp%2Fv2%2Fcomments&post=309"}],"version-history":[{"count":6,"href":"https:\/\/peterprotus.eu\/index.php?rest_route=\/wp\/v2\/pages\/309\/revisions"}],"predecessor-version":[{"id":1595,"href":"https:\/\/peterprotus.eu\/index.php?rest_route=\/wp\/v2\/pages\/309\/revisions\/1595"}],"up":[{"embeddable":true,"href":"https:\/\/peterprotus.eu\/index.php?rest_route=\/wp\/v2\/pages\/1592"}],"wp:attachment":[{"href":"https:\/\/peterprotus.eu\/index.php?rest_route=%2Fwp%2Fv2%2Fmedia&parent=309"}],"curies":[{"name":"wp","href":"https:\/\/api.w.org\/{rel}","templated":true}]}}