{"id":288,"date":"2014-01-10T00:43:51","date_gmt":"2014-01-10T00:43:51","guid":{"rendered":"http:\/\/lordmmx.com\/?page_id=288"},"modified":"2014-02-21T19:49:41","modified_gmt":"2014-02-21T19:49:41","slug":"acer-extensa-5630g","status":"publish","type":"page","link":"https:\/\/peterprotus.eu\/?page_id=288","title":{"rendered":"Acer Extensa 5630G"},"content":{"rendered":"<p><strong>Acer Extensa 5630G, <span style=\"color: #ff0000;\">(edit 30.1.2014)<\/span><\/strong><\/p>\n<p>jeden z najnov\u0161\u00edch pokusov o z\u00e1chranu notebooku z katastrof\u00e1lneho stavu. \ud83d\ude42<\/p>\n<p>Notebook doniesol jeden zn\u00e1my, s t\u00fdm \u017ee do neho chce len nai\u0161ntalova\u0165 windows. Ke\u010f mi ho pod\u00e1val v igelitke, vedel som \u017ee ktor\u00e1 bije. Notebook bol doslova rozml\u00e1ten\u00fd, s rozbit\u00fdm a mierne nalomen\u00fdm displayom a t\u00fdm p\u00e1dom mierne deformovan\u00fdmi p\u00e1ntami&#8230; Aby nesta\u010dilo, okolo chladi\u010da bolo rozl\u00e1man\u00e9 a ch\u00fdbaj\u00face \u0161as\u00ed. Tak\u017ee notebook som od neho rovno k\u00fapil za par euro a pustil sa do opravy&#8230;<\/p>\n<p>&nbsp;<\/p>\n<p><strong>Za\u010dnem parametrami:<\/strong><\/p>\n<blockquote><p>CPU: Intel Core2Duo T5000 @ 2Ghz<\/p>\n<p>RAM: 2GB DDR2 667MHz<\/p>\n<p>GPU: AMD Radeon 3400 256MB dedikovan\u00e1!<\/p>\n<p>HDD: 320GB Western Digital<\/p>\n<p>DVD: Rozml\u00e1ten\u00e1 DVD-RAM<\/p>\n<p>Display: 15,4&#8243; LCD<\/p>\n<p>Stuff: Wifi, bluetooth, webkamera, 3xUSB, HDMI&#8230;.<\/p>\n<p>&nbsp;<\/p><\/blockquote>\n<p><strong>Rekon\u0161trukcia:<\/strong><\/p>\n<p>&#8211; Za\u010dal som kompletnou demont\u00e1\u017eou displaya, spodn\u00e9ho krytu, kl\u00e1vesnice&#8230; musel som vyrovna\u0165 pozoh\u00fdnan\u00e9 plasty.<\/p>\n<p>&nbsp;<\/p>\n<p><strong>Display:<\/strong><\/p>\n<p>&#8211; Rozobral som plasty okolo displaya a demontoval zni\u010den\u00fd kus ktor\u00fd som nahradil displayom z nefunk\u010dn\u00e9ho Aceru Travelmate ktor\u00fd mi tu le\u017eal v skrini&#8230; Display som zase zlo\u017eil dohromady a odtestoval. V\u0161etko fungovalo ako som o\u010dak\u00e1val. \ud83d\ude42<\/p>\n<p>&nbsp;<\/p>\n<p><strong>Procesor:<\/strong><\/p>\n<p>&#8211; C2D T5000 je fajn CPU ale ja som tu mal po ruke C2D T7250 ktor\u00fd s\u00edce pracuje na rovnakej frekvencii ale prezmenu m\u00e1 viac cache pam\u00e4te , vy\u0161\u0161ie FSB a HLAVNE m\u00e1 podporu virtualiz\u00e1cie.<\/p>\n<p>&nbsp;<\/p>\n<p><strong>RAM:<\/strong><\/p>\n<p>&#8211; Pam\u00e4\u0165 som doplnil o 1GB DDR2 RAM&#8230; Ni\u010d moc ale sta\u010d\u00ed \ud83d\ude42<\/p>\n<p>&nbsp;<\/p>\n<p><strong>HDD:<\/strong><\/p>\n<p>&#8211; Pevn\u00fd disk, to je miesto kde som sa vy\u0161antil&#8230; 320GB i\u0161iel von a vymenil som ho za 750GB Seagate.<\/p>\n<p>&nbsp;<\/p>\n<p><strong>DVD:<\/strong><\/p>\n<p>&#8211; osadil som ho DVD-RAM mechanikou zo skladov\u00fdch z\u00e1sob.<\/p>\n<p>&nbsp;<\/p>\n<p>&nbsp;<\/p>\n<p><strong>\u010co mus\u00edm e\u0161te spravi\u0165:<\/strong><\/p>\n<p><span style=\"color: #000000;\"><del>&#8211; hlavne mus\u00edm spravi\u0165 \u0161as\u00ed, teda zohna\u0165 na bazo\u0161i druh\u00fd spodn\u00fd plast a ten potom vymeni\u0165 kus za kus. \ud83d\ude42<\/del><\/span><\/p>\n<p><span style=\"color: #000000;\">\u00a0<\/span><\/p>\n<p><strong>\u0160AS\u00cd: (doplnen\u00e9)<\/strong><\/p>\n<p>&#8211; kupil som a vymenil spodn\u00fd plast. nech je to na kompletku \ud83d\ude42<\/p>\n<p>&nbsp;<\/p>\n<p><strong>Parametre po \u00faprave:<\/strong><\/p>\n<p>&nbsp;<\/p>\n<blockquote><p>CPU: Intel Core2Duo T7250 @ 2Ghz<\/p>\n<p>RAM: 3GB DDR2 667MHz<\/p>\n<p>GPU: AMD Radeon 3400 256MB dedikovan\u00e1!<\/p>\n<p>HDD: 750GB Seagate<\/p>\n<p>DVD: DVD-RAM TSSCorp<\/p>\n<p>Display: 15,4&#8243; LCD<\/p>\n<p>Stuff: Wifi, bluetooth, webkamera, 3xUSB, HDMI&#8230;.<\/p>\n<p>&nbsp;<\/p><\/blockquote>\n<p><strong>Fotky:<\/strong><\/p>\n<p>[nggallery id=8]<\/p>\n<p><span style=\"color: #ffff00;\"><em><strong>\u00a0<\/strong><\/em><\/span><\/p>\n<p><span style=\"color: #ffff00;\"><em><strong>Tak d\u00fafam, \u017ee bude e\u0161te hodne dlho sl\u00fa\u017ei\u0165 tento stroj pekeln\u00fd. \ud83d\ude42 Zachr\u00e1nen\u00fd doslova hrob\u00e1rovi z lopaty, aj baterka e\u0161te p\u00e1r min\u00fat zvl\u00e1dne (bohate sta\u010d\u00ed na ulo\u017eenie rozrobenej pr\u00e1ce)<\/strong><\/em><\/span><\/p>\n","protected":false},"excerpt":{"rendered":"<p>Acer Extensa 5630G, (edit 30.1.2014) jeden z najnov\u0161\u00edch pokusov o z\u00e1chranu notebooku z katastrof\u00e1lneho stavu. \ud83d\ude42 Notebook doniesol jeden zn\u00e1my, s t\u00fdm \u017ee do neho chce len nai\u0161ntalova\u0165 windows. Ke\u010f mi ho pod\u00e1val v igelitke, vedel som \u017ee ktor\u00e1 bije. Notebook bol doslova rozml\u00e1ten\u00fd, s rozbit\u00fdm a mierne nalomen\u00fdm displayom a t\u00fdm p\u00e1dom mierne deformovan\u00fdmi [&hellip;]<\/p>\n","protected":false},"author":1,"featured_media":0,"parent":17,"menu_order":0,"comment_status":"open","ping_status":"open","template":"","meta":{"footnotes":"","_links_to":"","_links_to_target":""},"class_list":["post-288","page","type-page","status-publish","hentry"],"_links":{"self":[{"href":"https:\/\/peterprotus.eu\/index.php?rest_route=\/wp\/v2\/pages\/288","targetHints":{"allow":["GET"]}}],"collection":[{"href":"https:\/\/peterprotus.eu\/index.php?rest_route=\/wp\/v2\/pages"}],"about":[{"href":"https:\/\/peterprotus.eu\/index.php?rest_route=\/wp\/v2\/types\/page"}],"author":[{"embeddable":true,"href":"https:\/\/peterprotus.eu\/index.php?rest_route=\/wp\/v2\/users\/1"}],"replies":[{"embeddable":true,"href":"https:\/\/peterprotus.eu\/index.php?rest_route=%2Fwp%2Fv2%2Fcomments&post=288"}],"version-history":[{"count":7,"href":"https:\/\/peterprotus.eu\/index.php?rest_route=\/wp\/v2\/pages\/288\/revisions"}],"predecessor-version":[{"id":290,"href":"https:\/\/peterprotus.eu\/index.php?rest_route=\/wp\/v2\/pages\/288\/revisions\/290"}],"up":[{"embeddable":true,"href":"https:\/\/peterprotus.eu\/index.php?rest_route=\/wp\/v2\/pages\/17"}],"wp:attachment":[{"href":"https:\/\/peterprotus.eu\/index.php?rest_route=%2Fwp%2Fv2%2Fmedia&parent=288"}],"curies":[{"name":"wp","href":"https:\/\/api.w.org\/{rel}","templated":true}]}}