{"id":260,"date":"2013-09-30T19:03:06","date_gmt":"2013-09-30T19:03:06","guid":{"rendered":"http:\/\/lordmmx.com\/?page_id=260"},"modified":"2019-02-11T10:25:12","modified_gmt":"2019-02-11T10:25:12","slug":"zadne-kotucove-brzdy","status":"publish","type":"page","link":"https:\/\/peterprotus.eu\/?page_id=260","title":{"rendered":"Zadn\u00e9 kot\u00fa\u010dov\u00e9 brzdy"},"content":{"rendered":"<p>V minulosti, ke\u010f moju ness\u00ed vlastnila moja mama, stalo sa v zime, \u017ee zamrzli zadn\u00e9 bubnov\u00e9 brzdy. D\u00f4vod bol jednoduch\u00fd, nexia mala diery v \u0161t\u00edtoch bubnov\u00fdch b\u0155zd, a v\u010faka vode a mrazu, sa pakne v\u017edy dokonale prilepili o bubon a teda nessie sa nechcela pohn\u00fa\u0165 z miesta. Takisto sa tento jav potom prejavoval na kvalite brzdenia, teda \u017ee zadn\u00e9 brzdy nerobili absol\u00fatne ni\u010d.<\/p>\n<p>Ja som za\u010dal ma\u0165 probl\u00e9m so stra\u0161n\u00fdm hrkotom v zadn\u00fdch brzd\u00e1ch. po rozobrat\u00ed som zistil, \u017ee s\u00fa rozpadnut\u00e9 pakne. Tak som kupil nov\u00e9 a nechal ich vymeni\u0165. Len\u017ee&#8230; t\u00e1to oprava vydr\u017eala necel\u00fd mesiac a potom za\u010dali brzdy rachoti\u0165 znova&#8230;<\/p>\n<p>Tak som v r\u00e1mci zvyku \u017ee ak predok pasuje z opla, tak mus\u00ed aj zadok, pozrel na daewooclub.com, ak\u00e9 mo\u017enosti pon\u00faka zadna n\u00e1prava. Tam sa rie\u0161ila \u00faprava b\u0155zd, mont\u00e1\u017eou kot\u00fa\u010dov z Oplu Astra F alebo Oplu Vectra A (plat\u00ed aj pre prv\u00fa\u010dk\u00e9 Vectry B). &nbsp;Zohna\u0165 ich v\u0161ak bolo umenie. Nesk\u00f4r sa uk\u00e1zalo, \u017ee jeden p\u00e1n, s ktor\u00fdm som mal t\u00fa \u010des\u0165 u\u017e v minulosti, nie\u010do tak\u00e9 m\u00e1 doma po ruke, ke\u010f\u017ee on sa \u017eiv\u00ed predajom dielov \u010diste na opel (kontakt tu: <a href=\"http:\/\/www.bazos.sk\/hodnotenie.php?mail=aWF2aGNgbUZ1b3dgOXZq&amp;telefon=0907511296&amp;jmeno=Tom\u00e1\u0161\" target=\"_blank\" rel=\"noopener\">Tom\u00e1\u0161<\/a>&nbsp;) .<\/p>\n<p>Potom nasledoval n\u00e1kup nov\u00fdch kot\u00fa\u010dov, nov\u00fdch platni\u010diek, nov\u00fdch pakn\u00ed (ano, pakne ostali ale s\u00fa podstatne men\u0161ie a rie\u0161ia len ru\u010dn\u00fa brzdu) , nov\u00fdch struniek, nov\u00fdch trubiek. proste v\u0161etk\u00e9ho \u010do bolo treba. A potom nastala v\u00fdmena. trvalo to nieko\u013eko hod\u00edn ale vysledok bol vynikaj\u00faci. A to nehovor\u00edm o tom, \u017ee na chv\u00ed\u013eu fungovalo aj ABS (niekde inde je zrada).<\/p>\n<p>Postupoval som cca pod\u013ea n\u00e1vodu tu:&nbsp;<a href=\"http:\/\/www.opelclub.sk\/article.php?kotucbrzdy\">http:\/\/www.opelclub.sk\/article.php?kotucbrzdy<\/a><\/p>\n<p>Fotky:<\/p>\n<figure id=\"attachment_261\" aria-describedby=\"caption-attachment-261\" style=\"width: 300px\" class=\"wp-caption alignleft\"><a href=\"http:\/\/peterprotus.eu\/wp-content\/uploads\/2013\/09\/IMAG0246.jpg\"><img loading=\"lazy\" decoding=\"async\" class=\"size-medium wp-image-261\" src=\"http:\/\/peterprotus.eu\/wp-content\/uploads\/2013\/09\/IMAG0246-300x169.jpg\" alt=\"Kot\u00fa\u010dov\u00e9 brzdy z Vectry B, p\u00f4vodn\u00fd stav po k\u00fape. :) \" width=\"300\" height=\"169\" srcset=\"https:\/\/peterprotus.eu\/wp-content\/uploads\/2013\/09\/IMAG0246-300x169.jpg 300w, https:\/\/peterprotus.eu\/wp-content\/uploads\/2013\/09\/IMAG0246-1024x577.jpg 1024w\" sizes=\"auto, (max-width: 300px) 100vw, 300px\" \/><\/a><figcaption id=\"caption-attachment-261\" class=\"wp-caption-text\"><span style=\"color: #ff0000;\">Kot\u00fa\u010dov\u00e9 brzdy z Vectry B, p\u00f4vodn\u00fd stav po k\u00fape. \ud83d\ude42<\/span><\/figcaption><\/figure>\n<p>&nbsp;<\/p>\n<p>&nbsp;<\/p>\n<p>&nbsp;<\/p>\n<p>&nbsp;<\/p>\n<p>&nbsp;<\/p>\n<p>&nbsp;<\/p>\n<p>&nbsp;<\/p>\n<p>&nbsp;<\/p>\n<p>&nbsp;<\/p>\n<p>&nbsp;<\/p>\n<figure id=\"attachment_266\" aria-describedby=\"caption-attachment-266\" style=\"width: 169px\" class=\"wp-caption alignleft\"><a href=\"http:\/\/peterprotus.eu\/wp-content\/uploads\/2013\/09\/IMAG0285.jpg\"><img loading=\"lazy\" decoding=\"async\" class=\"size-medium wp-image-266\" src=\"http:\/\/peterprotus.eu\/wp-content\/uploads\/2013\/09\/IMAG0285-169x300.jpg\" alt=\"Rozoberanie \" width=\"169\" height=\"300\" srcset=\"https:\/\/peterprotus.eu\/wp-content\/uploads\/2013\/09\/IMAG0285-169x300.jpg 169w, https:\/\/peterprotus.eu\/wp-content\/uploads\/2013\/09\/IMAG0285-577x1024.jpg 577w, https:\/\/peterprotus.eu\/wp-content\/uploads\/2013\/09\/IMAG0285.jpg 1840w\" sizes=\"auto, (max-width: 169px) 100vw, 169px\" \/><\/a><figcaption id=\"caption-attachment-266\" class=\"wp-caption-text\"><span style=\"color: #ff0000;\">Rozoberanie<\/span><\/figcaption><\/figure>\n<p>&nbsp;<\/p>\n<p>&nbsp;<\/p>\n<p>&nbsp;<\/p>\n<p>&nbsp;<\/p>\n<p>&nbsp;<\/p>\n<p>&nbsp;<\/p>\n<p>&nbsp;<\/p>\n<p>&nbsp;<\/p>\n<p>&nbsp;<\/p>\n<p>&nbsp;<\/p>\n<p>&nbsp;<\/p>\n<p>&nbsp;<\/p>\n<p>&nbsp;<\/p>\n<p>&nbsp;<\/p>\n<figure id=\"attachment_265\" aria-describedby=\"caption-attachment-265\" style=\"width: 169px\" class=\"wp-caption alignleft\"><a href=\"http:\/\/peterprotus.eu\/wp-content\/uploads\/2013\/09\/IMAG0284.jpg\"><img loading=\"lazy\" decoding=\"async\" class=\"size-medium wp-image-265\" src=\"http:\/\/peterprotus.eu\/wp-content\/uploads\/2013\/09\/IMAG0284-169x300.jpg\" alt=\"V\u00fdmena platni\u010diek\" width=\"169\" height=\"300\" srcset=\"https:\/\/peterprotus.eu\/wp-content\/uploads\/2013\/09\/IMAG0284-169x300.jpg 169w, https:\/\/peterprotus.eu\/wp-content\/uploads\/2013\/09\/IMAG0284-577x1024.jpg 577w, https:\/\/peterprotus.eu\/wp-content\/uploads\/2013\/09\/IMAG0284.jpg 1840w\" sizes=\"auto, (max-width: 169px) 100vw, 169px\" \/><\/a><figcaption id=\"caption-attachment-265\" class=\"wp-caption-text\">V\u00fdmena platni\u010diek<\/figcaption><\/figure>\n<p>&nbsp;<\/p>\n<p>&nbsp;<\/p>\n<p>&nbsp;<\/p>\n<p>&nbsp;<\/p>\n<p>&nbsp;<\/p>\n<p>&nbsp;<\/p>\n<p>&nbsp;<\/p>\n<p>&nbsp;<\/p>\n<p>&nbsp;<\/p>\n<p>&nbsp;<\/p>\n<p>&nbsp;<\/p>\n<p>&nbsp;<\/p>\n<p>&nbsp;<\/p>\n<p>&nbsp;<\/p>\n<figure id=\"attachment_268\" aria-describedby=\"caption-attachment-268\" style=\"width: 300px\" class=\"wp-caption alignleft\"><a href=\"http:\/\/peterprotus.eu\/wp-content\/uploads\/2013\/09\/IMAG0304.jpg\"><img loading=\"lazy\" decoding=\"async\" class=\"size-medium wp-image-268\" src=\"http:\/\/peterprotus.eu\/wp-content\/uploads\/2013\/09\/IMAG0304-300x169.jpg\" alt=\"O\u010distenie a n\u00e1strek\" width=\"300\" height=\"169\" srcset=\"https:\/\/peterprotus.eu\/wp-content\/uploads\/2013\/09\/IMAG0304-300x169.jpg 300w, https:\/\/peterprotus.eu\/wp-content\/uploads\/2013\/09\/IMAG0304-1024x577.jpg 1024w\" sizes=\"auto, (max-width: 300px) 100vw, 300px\" \/><\/a><figcaption id=\"caption-attachment-268\" class=\"wp-caption-text\"><span style=\"color: #ff0000;\">O\u010distenie a n\u00e1strek<\/span><\/figcaption><\/figure>\n<p>&nbsp;<\/p>\n<p>&nbsp;<\/p>\n<p>&nbsp;<\/p>\n<p>&nbsp;<\/p>\n<p>&nbsp;<\/p>\n<p>&nbsp;<\/p>\n<p>&nbsp;<\/p>\n<p>&nbsp;<\/p>\n<p>&nbsp;<\/p>\n<p>&nbsp;<\/p>\n<p>&nbsp;<\/p>\n<figure id=\"attachment_263\" aria-describedby=\"caption-attachment-263\" style=\"width: 300px\" class=\"wp-caption alignleft\"><a href=\"http:\/\/peterprotus.eu\/wp-content\/uploads\/2013\/09\/brks2.jpg\"><img loading=\"lazy\" decoding=\"async\" class=\"size-medium wp-image-263\" src=\"http:\/\/peterprotus.eu\/wp-content\/uploads\/2013\/09\/brks2-300x169.jpg\" alt=\"Nov\u00e9 kot\u00fa\u010de\" width=\"300\" height=\"169\" srcset=\"https:\/\/peterprotus.eu\/wp-content\/uploads\/2013\/09\/brks2-300x169.jpg 300w, https:\/\/peterprotus.eu\/wp-content\/uploads\/2013\/09\/brks2.jpg 816w\" sizes=\"auto, (max-width: 300px) 100vw, 300px\" \/><\/a><figcaption id=\"caption-attachment-263\" class=\"wp-caption-text\"><span style=\"color: #ff0000;\">Nov\u00e9 kot\u00fa\u010de<\/span><\/figcaption><\/figure>\n<p>&nbsp;<\/p>\n<p>&nbsp;<\/p>\n<p>&nbsp;<\/p>\n<p>&nbsp;<\/p>\n<p>&nbsp;<\/p>\n<p>&nbsp;<\/p>\n<p>&nbsp;<\/p>\n<p>&nbsp;<\/p>\n<p>&nbsp;<\/p>\n<p>&nbsp;<\/p>\n<p>&nbsp;<\/p>\n<figure id=\"attachment_270\" aria-describedby=\"caption-attachment-270\" style=\"width: 300px\" class=\"wp-caption alignleft\"><a href=\"http:\/\/peterprotus.eu\/wp-content\/uploads\/2013\/09\/brakes.jpg\"><img loading=\"lazy\" decoding=\"async\" class=\"size-medium wp-image-270\" src=\"http:\/\/peterprotus.eu\/wp-content\/uploads\/2013\/09\/brakes-300x169.jpg\" alt=\"N\u00e1dob\u00ed\u010dko. Kot\u00fa\u010de a platni\u010dky na prednu napravu, a e\u0161te pakne, trubky a sada struniek na zadnu n\u00e1pravu\" width=\"300\" height=\"169\" srcset=\"https:\/\/peterprotus.eu\/wp-content\/uploads\/2013\/09\/brakes-300x169.jpg 300w, https:\/\/peterprotus.eu\/wp-content\/uploads\/2013\/09\/brakes.jpg 960w\" sizes=\"auto, (max-width: 300px) 100vw, 300px\" \/><\/a><figcaption id=\"caption-attachment-270\" class=\"wp-caption-text\"><span style=\"color: #ff0000;\">N\u00e1dob\u00ed\u010dko. Kot\u00fa\u010de a platni\u010dky na prednu napravu, a e\u0161te pakne, trubky a sada struniek na zadnu n\u00e1pravu<\/span><\/figcaption><\/figure>\n<p>&nbsp;<\/p>\n<p>&nbsp;<\/p>\n<p>&nbsp;<\/p>\n<p>&nbsp;<\/p>\n<p>&nbsp;<\/p>\n<p>&nbsp;<\/p>\n<p>&nbsp;<\/p>\n<p>&nbsp;<\/p>\n<p>&nbsp;<\/p>\n<p>&nbsp;<\/p>\n<p>&nbsp;<\/p>\n<figure id=\"attachment_272\" aria-describedby=\"caption-attachment-272\" style=\"width: 169px\" class=\"wp-caption alignleft\"><a href=\"http:\/\/peterprotus.eu\/wp-content\/uploads\/2013\/09\/75007_655064074503979_507910402_n.jpg\"><img loading=\"lazy\" decoding=\"async\" class=\"size-medium wp-image-272\" src=\"http:\/\/peterprotus.eu\/wp-content\/uploads\/2013\/09\/75007_655064074503979_507910402_n-169x300.jpg\" alt=\"Mont\u00e1\u017e :)\" width=\"169\" height=\"300\" srcset=\"https:\/\/peterprotus.eu\/wp-content\/uploads\/2013\/09\/75007_655064074503979_507910402_n-169x300.jpg 169w, https:\/\/peterprotus.eu\/wp-content\/uploads\/2013\/09\/75007_655064074503979_507910402_n.jpg 541w\" sizes=\"auto, (max-width: 169px) 100vw, 169px\" \/><\/a><figcaption id=\"caption-attachment-272\" class=\"wp-caption-text\"><span style=\"color: #ff0000;\">Mont\u00e1\u017e \ud83d\ude42<\/span><\/figcaption><\/figure>\n<p>&nbsp;<\/p>\n<p>&nbsp;<\/p>\n<p>&nbsp;<\/p>\n<p>&nbsp;<\/p>\n<p>&nbsp;<\/p>\n<p>&nbsp;<\/p>\n<p>&nbsp;<\/p>\n<p>&nbsp;<\/p>\n<p>&nbsp;<\/p>\n<p>&nbsp;<\/p>\n<p>&nbsp;<\/p>\n<p>&nbsp;<\/p>\n<p>&nbsp;<\/p>\n<p>&nbsp;<\/p>\n<p>&nbsp;<\/p>\n<figure id=\"attachment_271\" aria-describedby=\"caption-attachment-271\" style=\"width: 169px\" class=\"wp-caption alignleft\"><a href=\"http:\/\/peterprotus.eu\/wp-content\/uploads\/2013\/09\/1236135_655064037837316_802189394_n.jpg\"><img loading=\"lazy\" decoding=\"async\" class=\"size-medium wp-image-271\" src=\"http:\/\/peterprotus.eu\/wp-content\/uploads\/2013\/09\/1236135_655064037837316_802189394_n-169x300.jpg\" alt=\"A fin\u00e1lny v\u00fdysledok\" width=\"169\" height=\"300\" srcset=\"https:\/\/peterprotus.eu\/wp-content\/uploads\/2013\/09\/1236135_655064037837316_802189394_n-169x300.jpg 169w, https:\/\/peterprotus.eu\/wp-content\/uploads\/2013\/09\/1236135_655064037837316_802189394_n.jpg 541w\" sizes=\"auto, (max-width: 169px) 100vw, 169px\" \/><\/a><figcaption id=\"caption-attachment-271\" class=\"wp-caption-text\"><span style=\"color: #ff0000;\">A fin\u00e1lny v\u00fdysledok<span style=\"font-size: 13px; line-height: 19px;\">&nbsp;<\/span><\/span><\/figcaption><\/figure>\n","protected":false},"excerpt":{"rendered":"<p>V minulosti, ke\u010f moju ness\u00ed vlastnila moja mama, stalo sa v zime, \u017ee zamrzli zadn\u00e9 bubnov\u00e9 brzdy. D\u00f4vod bol jednoduch\u00fd, nexia mala diery v \u0161t\u00edtoch bubnov\u00fdch b\u0155zd, a v\u010faka vode a mrazu, sa pakne v\u017edy dokonale prilepili o bubon a teda nessie sa nechcela pohn\u00fa\u0165 z miesta. Takisto sa tento jav potom prejavoval na kvalite [&hellip;]<\/p>\n","protected":false},"author":1,"featured_media":0,"parent":15,"menu_order":0,"comment_status":"open","ping_status":"open","template":"","meta":{"footnotes":"","_links_to":"","_links_to_target":""},"class_list":["post-260","page","type-page","status-publish","hentry"],"_links":{"self":[{"href":"https:\/\/peterprotus.eu\/index.php?rest_route=\/wp\/v2\/pages\/260","targetHints":{"allow":["GET"]}}],"collection":[{"href":"https:\/\/peterprotus.eu\/index.php?rest_route=\/wp\/v2\/pages"}],"about":[{"href":"https:\/\/peterprotus.eu\/index.php?rest_route=\/wp\/v2\/types\/page"}],"author":[{"embeddable":true,"href":"https:\/\/peterprotus.eu\/index.php?rest_route=\/wp\/v2\/users\/1"}],"replies":[{"embeddable":true,"href":"https:\/\/peterprotus.eu\/index.php?rest_route=%2Fwp%2Fv2%2Fcomments&post=260"}],"version-history":[{"count":7,"href":"https:\/\/peterprotus.eu\/index.php?rest_route=\/wp\/v2\/pages\/260\/revisions"}],"predecessor-version":[{"id":1231,"href":"https:\/\/peterprotus.eu\/index.php?rest_route=\/wp\/v2\/pages\/260\/revisions\/1231"}],"up":[{"embeddable":true,"href":"https:\/\/peterprotus.eu\/index.php?rest_route=\/wp\/v2\/pages\/15"}],"wp:attachment":[{"href":"https:\/\/peterprotus.eu\/index.php?rest_route=%2Fwp%2Fv2%2Fmedia&parent=260"}],"curies":[{"name":"wp","href":"https:\/\/api.w.org\/{rel}","templated":true}]}}