{"id":206,"date":"2013-05-05T13:12:39","date_gmt":"2013-05-05T13:12:39","guid":{"rendered":"http:\/\/lordmmx.net\/?page_id=206"},"modified":"2017-02-26T23:26:27","modified_gmt":"2017-02-26T23:26:27","slug":"hp-compaq-nx6110","status":"publish","type":"page","link":"https:\/\/peterprotus.eu\/?page_id=206","title":{"rendered":"HP Compaq NX6110"},"content":{"rendered":"<p>Chcem predstavi\u0165 pokus o rekon\u0161trukciu notebooku HP Compaq NX 6110. Tento book som dostal v podstate v dezol\u00e1tnom stave. Ajke\u010f zapn\u00fa\u0165 sa dal, a aj opera\u010dn\u00fd syst\u00e9m na\u0161tartoval pod\u013ea o\u010dak\u00e1van\u00ed, bolo a st\u00e1le je p\u00e1r vec\u00ed, ktor\u00e9 je nutn\u00e9 pred plnohodnotn\u00fdm pou\u017e\u00edvan\u00edm potrebn\u00e9 dorie\u0161i\u0165.<\/p>\n<p>Tak\u017ee mal by som asi za\u010da\u0165 technick\u00fdmi parametrami notebooku\u2026<\/p>\n<p><strong>V origin\u00e1lnom stave sa jednalo o nasledovn\u00fd stroj:<\/strong><\/p>\n<div><b>&nbsp;<\/b><\/div>\n<blockquote>\n<div>CPU: Intel Celeron M 370 @ 1,5Ghz, 1MB L2<\/div>\n<div>&nbsp;<\/div>\n<div>RAM: 256MB DDR1 333Mhz<\/div>\n<div>&nbsp;<\/div>\n<div>VGA: Intel GMA900 so 128MB VRAM<\/div>\n<div>&nbsp;<\/div>\n<div>HDD: 40GB Seagate<\/div>\n<div>&nbsp;<\/div>\n<div>Mechaniky: DVD-RW combo 8x DVD \/ 24x CD<\/div>\n<\/blockquote>\n<p><strong>Teraz sk\u00fasim na\u010drtn\u00fa\u0165 situ\u00e1ciu\u2026.<\/strong><\/p>\n<p>Notebook som dostal od jedn\u00e9ho zn\u00e1meho, ako nejak\u00e9 \u201cpo\u010fakovanie za pomoc\u201d alebo \u010do\u2026 len\u017ee, ako s\u00e1m priznal, od nervov p\u00e4s\u0165ou rozbil display, \u010d\u00edm po\u0161kodil aj p\u00e1nty a plasty displaya, aby to nesta\u010dilo, k\u00e1bel displaya a wifi ant\u00e9ny odtrhol.<\/p>\n<p>Notebook nikdy nemal v sebe baterku, ktor\u00e1 v podstate od doby \u010do bol book k\u00fapen\u00fd st\u00e1la v krabici , lebo chalan nemal \u0161ajn ako ju nabi\u0165&nbsp;<img decoding=\"async\" title=\"\" src=\"http:\/\/www.pcforum.sk\/images\/smilies\/smile02.gif\" alt=\":)\">&nbsp;. notebook m\u00e1 teraz takmer 4 roky pod\u013ea d\u00e1tumu v\u00fdroby na spodnej strane.<\/p>\n<p>\u201cZdravotn\u00fd stav\u201d pevn\u00e9ho disku je dos\u0165 kritick\u00fd, ajke\u010f funguje, 780 vadn\u00fdch sektorov je hodne a pod\u013ea programu Harddisk Sentinel m\u00e1 7% funk\u010dnos\u0165, \u010di\u017ee ur\u010dite s\u00fa tam aj in\u00e9 skryt\u00e9 vady.<\/p>\n<p>\u010ealej 256MB je \u017ealostne m\u00e1lo aj na Windows 2000 a nie to e\u0161te na WinXP Home Edition, na ktor\u00fd je na notebooku nalepen\u00fd aj \u0161t\u00edtok s k\u013e\u00fa\u010dom.<\/p>\n<p>\u010co chcem spravi\u0165 s touto v podstate kopou \u0161rotu?<\/p>\n<p>Nahr\u00e1va mi do veci fakt, \u017ee sa mi tu v\u00e1\u013ea HP NX6125 rozobrat\u00fd do posledn\u00e9ho \u0161r\u00f3bu, kv\u00f4li odp\u00e1lenej z\u00e1kladnej doske.<\/p>\n<p>Prv\u00e1 vec ktor\u00fa som spravil bolo \u017ee som si overil kompatibilitu displayu z HP NX6125 s rozbit\u00fdm displayom na NX 6110. V\u0161etko sedelo, vr\u00e1tane pr\u00edpojky na k\u00e1bel, pr\u00edpojky na invertor \/\u0161tarter\/, z\u00e1vitov a rozmerov.<\/p>\n<p>Display som zalo\u017eil, postavil ho do predpripraven\u00fdch opraven\u00fdch p\u00e1ntov a na\u0161tartoval som notebook a pr\u00faser\u2026 display s\u00edce nabehol ale invertor bol zrejme v \u0165ahu. Tak som siahol po n\u00e1hradnom pr\u00e1ve z NX6125, a na druh\u00fd pokus u\u017e v\u0161etko fungovalo ako sa patr\u00ed\u2026 tak som display pri\u0161r\u00f3boval, a zalo\u017eil na\u0148 to, \u010do by som norm\u00e1lne nazval krytom displaya\u2026 \u017eia\u013e tento kryt bol zl\u00e1man\u00fd a v dobe p\u00edsania \u010dl\u00e1nku \/30.11.09, 20:30\/ ho st\u00e1le nem\u00e1m vymenen\u00fd a dorie\u0161en\u00fd, av\u0161ak u\u017e sa nie\u010do rysuje z jedn\u00e9ho internetov\u00e9ho baz\u00e1ru.<\/p>\n<p>Po in\u0161tal\u00e1ci\u00ed Windows 2000 len kv\u00f4li testovaniu som si uvedomil \u017ee 256MB ram je naozaj saakra m\u00e1lo v dne\u0161nej dobe. Tak som pohrabal v \u0161ufl\u00edkoch a na\u0161iel som e\u0161te jeden 256MB modul, ktor\u00fd sa v bl\u00edzkej dobe chyst\u00e1m nahradi\u0165 1GB modulom. Dokopy by to d\u00e1valo 1.2GB RAM, \u010do je u\u017e posta\u010duj\u00face.<\/p>\n<p>Nain\u0161taloval som HD Sentinel , a ten na m\u0148a hne\u010f vyhodil hl\u00e1\u0161ku \u017ee je na\u010dase vymeni\u0165 pevn\u00fd disk. Tak\u017ee to je jeden z bodov, ktor\u00e9 mus\u00edm vyrie\u0161i\u0165 a e\u0161te st\u00e1le ich dorie\u0161en\u00e9 nem\u00e1m (obzer\u00e1m baz\u00e1ry, a h\u013ead\u00e1m nie\u010do okolo 80 &#8211; 120GB za rozumn\u00fa cenu)<\/p>\n<p><em><strong>Procesor<\/strong><\/em><\/p>\n<p>Celeron M370, ktor\u00fd v tom notebooku bol, s\u00edce fungoval s 512MB RAM svi\u017ene, ale jeho spotreba a neschopnos\u0165 meni\u0165 takt a nap\u00e4tie pod\u013e a za\u0165a\u017eenia, by mohla sp\u00f4sobi\u0165 \u017ee bat\u00e9ria sa vybije sk\u00f4r ako by som chcel. Ve\u010f na p\u00edsanie tak\u00e9hoto \u010dl\u00e1nku sta\u010d\u00ed aj 500Mhz, ale celeron proste be\u017eal na pln\u00fd v\u00fdkon (teda 1500Mhz).<\/p>\n<p>Vyrie\u0161il som to k\u00fapou Pentium M 730 @ 1,6Ghz za v podstate smie\u0161nu sumu, a to 11\u20ac. Ten m\u00e1 technol\u00f3giu Intel Speedstep a teda dok\u00e1\u017ee meni\u0165 takt pod\u013ea za\u0165a\u017eenia, a t\u00fdm \u0161etri\u0165 bat\u00e9riu.<\/p>\n<p><em><strong>Bat\u00e9ria<\/strong><\/em><\/p>\n<p>v podstate najdrah\u0161\u00ed probl\u00e9m, ktor\u00fd som si nejako nevedel predstavi\u0165 ako ho dorie\u0161im, s mojim rozpo\u010dtom (70\u20ac) ke\u010f chcem RAMku, p\u00e1nty a plasty na display a HDD.<\/p>\n<p>Zachr\u00e1nila ma moja teta a jej priate\u013e, ktor\u00ed povedali, \u017ee nech si bat\u00e9riu objedn\u00e1m t\u00fa najsilnej\u0161iu ak\u00e1 sa d\u00e1 a oni mi ju zaplatia, \u017ee to budem ma\u0165 ako dar\u010dek k vianociam. \u010di\u017ee 120\u20ac polo\u017eka vyrie\u0161en\u00e1, m\u00e1m z toho rados\u0165 a takto verejne im obom \u010fakujem. O\u010dak\u00e1vam \u017ee mi doraz\u00ed niekedy v priebehu tohoto, maxim\u00e1lne bud\u00faceho t\u00fd\u017ed\u0148a.<\/p>\n<p>Samozrejme moje t\u00fa\u017eby siahaj\u00fa e\u0161te \u010falej, konkr\u00e9tne k \u201cTravell\u201d bat\u00e9rii, ktor\u00e1 sa prip\u00e1ja zo spodu notebooku ako druh\u00e1 baterka, a pod\u013ea HP.com by teoretick\u00e1 v\u00fddr\u017e mala by\u0165 9 a\u017e 11 hod\u00edn. len\u017ee aj cena je \u0161ialen\u00e1 , tak\u017ee to je len ot\u00e1zka bud\u00facnosti\u2026<\/p>\n<p><em><strong>RAM<\/strong><\/em><\/p>\n<p>512MB RAM je smie\u0161na kapacita, ak chcem robi\u0165 viac vec\u00ed naraz, je to proste m\u00e1lo a m\u00e1\u00e1\u00e1lo. Zase som zamieril do baz\u00e1rov a narazil som na 1GB SO-DIMM DDR @ 333Mhz za cenu 25\u20ac \u010do sa mi zd\u00e1 ve\u013emi dobr\u00e9 ajke\u010f nov\u00fa m\u00f4\u017eem ma\u0165 na QComp.sk za 35\u20ac , rozpo\u010det nepust\u00ed.<\/p>\n<p><em><strong>HDD alebo pevn\u00fd disk<\/strong><\/em><\/p>\n<p>toto je polo\u017eka, ktor\u00e1 je s\u00edce d\u00f4le\u017eit\u00e1 ale prednos\u0165 maj\u00fa p\u00e1nty a plasty displaya. Uva\u017eujem o k\u00fape minim\u00e1lne 80GB disku ale pote\u0161il by aspo\u0148 100-120GB v pr\u00edpade dobrej ceny aj 160GB (ajke\u010f nechcem riskova\u0165 \u017ee mi ho BIOS nezoberie). Som ochotn\u00fd obetova\u0165 20, max. 30\u20ac \u2026<\/p>\n<p><em><strong>P\u00e1nty a plasty displaya<\/strong><\/em><\/p>\n<p>ak sa mi ozve \u010dlovek, ktor\u00fd m\u00e1 na predaj s\u00fa\u010diastky z HP\u010diek a povie \u017ee mu mnou navrhnut\u00e1 cena (13\u20ac) vyhovuje, tak m\u00e1m dorie\u0161en\u00fd \u010fal\u0161\u00ed dos\u0165 d\u00f4le\u017eit\u00fd bod tohoto projektu.<\/p>\n<p><em><strong>Na z\u00e1ver<\/strong><\/em><\/p>\n<p>Z\u00e1verom chcem podotkn\u00fa\u0165, \u017ee budem priebe\u017ene dop\u013a\u0148a\u0165 postup rekon\u0161trukcie notebooku.<\/p>\n<p><strong>\u010co m\u00e1m zatia\u013e spraven\u00e9 ?<\/strong><\/p>\n<blockquote>\n<div><b>&nbsp;<\/b><\/div>\n<div>* procesor zamenen\u00fd z Celeron M 370 na Pentium M 730<br \/>\n* vymenen\u00fd display a spraven\u00e9 p\u00e1nty \/n\u00fadzov\u00e9 rie\u0161enie\/<br \/>\n* doplnen\u00fdch 1GB RAM, dokopy to d\u00e1va 1,2GB RAM \u2026 T\u00fa\u017eba s\u00fa 2GB, ale to chce \u010das\u2026<br \/>\n* vymenen\u00e1 bat\u00e9ria za \u010disto nov\u00fa 5100mAh , objednan\u00e1 z accushop, \u010dakal som na to 3 dni + v\u00edkend ( a\u017e&nbsp;<img decoding=\"async\" title=\"\" src=\"http:\/\/www.pcforum.sk\/images\/smilies\/smile01.gif\" alt=\":D\">&nbsp;)<\/div>\n<div>* Pinmod procesoru, pretaktovanie z 1.6ghz na 2.13ghz<\/div>\n<div>* Disk vymenen\u00fd za 100GB HITACHI 5400RPM<\/div>\n<div>&nbsp;<\/div>\n<p>&nbsp;<\/p><\/blockquote>\n<div><b>\u010co sa chyst\u00e1m spravi\u0165 ?<\/b><\/div>\n<div>&nbsp;<\/div>\n<blockquote><p>* U\u017e ni\u010d, notebook po 4 rokoch slu\u017eby vypovedal a teda jeho diely poputovali na rekon\u0161trukciu jeho dvoj\u010da\u0165a.<\/p><\/blockquote>\n","protected":false},"excerpt":{"rendered":"<p>Chcem predstavi\u0165 pokus o rekon\u0161trukciu notebooku HP Compaq NX 6110. Tento book som dostal v podstate v dezol\u00e1tnom stave. Ajke\u010f zapn\u00fa\u0165 sa dal, a aj opera\u010dn\u00fd syst\u00e9m na\u0161tartoval pod\u013ea o\u010dak\u00e1van\u00ed, bolo a st\u00e1le je p\u00e1r vec\u00ed, ktor\u00e9 je nutn\u00e9 pred plnohodnotn\u00fdm pou\u017e\u00edvan\u00edm potrebn\u00e9 dorie\u0161i\u0165. Tak\u017ee mal by som asi za\u010da\u0165 technick\u00fdmi parametrami notebooku\u2026 V origin\u00e1lnom [&hellip;]<\/p>\n","protected":false},"author":1,"featured_media":0,"parent":17,"menu_order":0,"comment_status":"open","ping_status":"open","template":"","meta":{"footnotes":"","_links_to":"","_links_to_target":""},"class_list":["post-206","page","type-page","status-publish","hentry"],"_links":{"self":[{"href":"https:\/\/peterprotus.eu\/index.php?rest_route=\/wp\/v2\/pages\/206","targetHints":{"allow":["GET"]}}],"collection":[{"href":"https:\/\/peterprotus.eu\/index.php?rest_route=\/wp\/v2\/pages"}],"about":[{"href":"https:\/\/peterprotus.eu\/index.php?rest_route=\/wp\/v2\/types\/page"}],"author":[{"embeddable":true,"href":"https:\/\/peterprotus.eu\/index.php?rest_route=\/wp\/v2\/users\/1"}],"replies":[{"embeddable":true,"href":"https:\/\/peterprotus.eu\/index.php?rest_route=%2Fwp%2Fv2%2Fcomments&post=206"}],"version-history":[{"count":7,"href":"https:\/\/peterprotus.eu\/index.php?rest_route=\/wp\/v2\/pages\/206\/revisions"}],"predecessor-version":[{"id":1193,"href":"https:\/\/peterprotus.eu\/index.php?rest_route=\/wp\/v2\/pages\/206\/revisions\/1193"}],"up":[{"embeddable":true,"href":"https:\/\/peterprotus.eu\/index.php?rest_route=\/wp\/v2\/pages\/17"}],"wp:attachment":[{"href":"https:\/\/peterprotus.eu\/index.php?rest_route=%2Fwp%2Fv2%2Fmedia&parent=206"}],"curies":[{"name":"wp","href":"https:\/\/api.w.org\/{rel}","templated":true}]}}