{"id":19,"date":"2011-10-23T00:34:56","date_gmt":"2011-10-23T00:34:56","guid":{"rendered":"http:\/\/lordmmx.net\/?page_id=19"},"modified":"2026-04-30T05:56:12","modified_gmt":"2026-04-30T05:56:12","slug":"o-mne","status":"publish","type":"page","link":"https:\/\/peterprotus.eu\/?page_id=19","title":{"rendered":"O mne"},"content":{"rendered":"<h3><\/h3>\n<h5 class=\"pv-top-card-section__headline Sans-19px-black-85%\"><span style=\"color: #ffcc00;\"><span style=\"color: #ff0000;\">&#8222;Neviem \u010do na tom \u013eudia vidia&#8220; &#8211; moja sn\u00fabenka\u00a0<\/span><\/span><\/h5>\n<h5 class=\"pv-top-card-section__headline Sans-19px-black-85%\"><span style=\"color: #ffcc00;\"><a href=\"http:\/\/peterprotus.eu\/wp-content\/uploads\/2026\/04\/IMG_20260402_190808-scaled.jpg\"><img loading=\"lazy\" decoding=\"async\" class=\"alignright wp-image-1743 size-medium\" src=\"http:\/\/peterprotus.eu\/wp-content\/uploads\/2026\/04\/IMG_20260402_190808-300x225.jpg\" alt=\"\" width=\"300\" height=\"225\" srcset=\"https:\/\/peterprotus.eu\/wp-content\/uploads\/2026\/04\/IMG_20260402_190808-300x225.jpg 300w, https:\/\/peterprotus.eu\/wp-content\/uploads\/2026\/04\/IMG_20260402_190808-1024x768.jpg 1024w, https:\/\/peterprotus.eu\/wp-content\/uploads\/2026\/04\/IMG_20260402_190808-768x576.jpg 768w, https:\/\/peterprotus.eu\/wp-content\/uploads\/2026\/04\/IMG_20260402_190808-1536x1152.jpg 1536w, https:\/\/peterprotus.eu\/wp-content\/uploads\/2026\/04\/IMG_20260402_190808-2048x1536.jpg 2048w\" sizes=\"auto, (max-width: 300px) 100vw, 300px\" \/><\/a><\/span><\/h5>\n<p><span style=\"color: #ff0000;\">Aktualizovan\u00e9: 7.5.2026<\/span><\/p>\n<p>Vol\u00e1m sa Peter Protu\u0161, narodil som sa 13. marca 1991.\u00a0 V roku\u00a0 2010\u00a0 som\u00a0 skon\u010dil SP\u0160\u00a0 Stavebn\u00fa\u00a0 O.W.\u00a0 v Lu\u010denci.\u00a0 Moment\u00e1lne\u00a0 podnik\u00e1m\u00a0 v IT\u00a0 sf\u00e9re.<br \/>\nKedysi tu toho o mne bolo viac, moment\u00e1lne som to trochu pre\u010distil a \u010dasom sem sn\u00e1\u010f nie\u010do nap\u00ed\u0161em. A\u017e na to budem ma\u0165 chv\u00ed\u013eku.<\/p>\n<p>&nbsp;<\/p>\n<p>&nbsp;<\/p>\n<p><strong>Z hist\u00f3rie o mne v kr\u00e1tkosti (p\u00f4vodn\u00fd text z 2016 mierne upraven\u00fd):<\/strong><br \/>\nPopri \u0161kole som sa akt\u00edvne venoval programovaniu, menej akt\u00edvne webdizajnu, ale najakt\u00edvnej\u0161ie som sa venoval v\u00fdpo\u010dtovej technike po hardwarovej str\u00e1nke. Zo za\u010diatku to bol pekn\u00fd hardcore, ve\u013ea po\u010d\u00edta\u010dov putovalo do krem\u00edkov\u00e9ho neba. Av\u0161ak \u0161t\u00fdl &#8222;pokus &#8211; omyl&#8220; sa vyplatil. \ud83d\ude42 V rokoch 2006-2008 bol v m\u00f3de PC Tuning, tak som aj ja mal vytunen\u00fd PC, pretaktovan\u00fd , podsvieten\u00fd at\u010f.<\/p>\n<p>Od roku 2007 do roku 2015 som bol jeden zo zakladate\u013eov a jedin\u00fd p\u00f4vodn\u00fd \u010dlen zoskupenia MP-Tuners Group . Zaoberali sme sa tvorbou zvl\u00e1\u0161tnych vide\u00ed na youtube, ktor\u00e9 predbehli dobu a dnes je obdobn\u00fdch vide\u00ed so stotis\u00edcmi pozret\u00ed pln\u00fd youtube. N\u00e1s v\u0161ak t\u00e1to sl\u00e1va minula. Sk\u00fa\u0161ali sme aj projekt MP-TunersTechTips, kde sa jednalo o tvorbu vide\u00ed z IT sveta. Hoc sme nikdy ofici\u00e1lne neozn\u00e1mili ukon\u010denie projektov a rozpad zoskupenia MP-Tuners Group, u\u017e viac ne\u017e 5 rokov nepracujeme na ni\u010dom novom. <del>Takmer v\u0161etky vide\u00e1 v\u0161ak zatia\u013e m\u00f4\u017eete n\u00e1js\u0165 na youtube, \u010dasom ich ale pl\u00e1nujem stiahn\u00fa\u0165 z obehu.\u00a0\u00a0<\/del> Vide\u00e1 som u\u017e stiahol z obehu takmer v\u0161etky.<\/p>\n<p><strong>Som Daewoo patriot. Toto jedin\u00e9 ma asi tak skoro neopust\u00ed.\u00a0 \ud83d\ude42 &#8211; 2026, st\u00e1le plat\u00ed&#8230; \ud83d\ude42<\/strong><\/p>\n<p>&nbsp;<\/p>\n<p>&nbsp;<\/p>\n<p><strong>\u010co a kto a kedy ma v \u017eivote najviac ovplyvnili:<\/strong><\/p>\n<p><span style=\"color: #33cccc;\"><strong>King Diamond<\/strong><\/span> (od m\u00f4jho \u00fatleho detstva &#8211; cca 2003) &#8211; D\u00e1nsky heavy metalov\u00fd spev\u00e1k, ktor\u00fd m\u00e1 dokonal\u00e9 horovov\u00e9 texty, mysl\u00edm si, \u017ee keby to niekto sfilmoval tak je to trh\u00e1k. Jeho hudba je temn\u00e1 a magick\u00e1. Ka\u017ed\u00fd jeho album je jeden pr\u00edbeh. V\u010faka nemu som sa chcel nau\u010di\u0165 anglicky tak dokonale, aby som rozumel textom &#8211; nie je to \u017eiadne &#8222;Don&#8217;t worry be happy&#8220; ako od toho narkomana Bobbyho, ktor\u00e9ho preh\u00falen\u00fd mozog ni\u010d lep\u0161ie nesplodil (a \u00e1no, viem \u017ee toto som nap\u00edsal dos\u0165 \u0161karedo ale to sa pekne nap\u00edsa\u0165 asi ani ned\u00e1, mo\u017eno o 3 roky zmen\u00edm n\u00e1zor,\u00a0 ale zatia\u013e to je tak &#8211; ubehlo viac ne\u017e 3 roky, st\u00e1le je to vyh\u00falenec). <em>King Diamond v mojom pr\u00edpade m\u00f4\u017ee aj zato, \u017ee nepijem, nefaj\u010d\u00edm a som proti drog\u00e1m.\u00a0<\/em><\/p>\n<p><a href=\"http:\/\/alesjanda.cz\"><span style=\"color: #33cccc;\"><strong>Ale\u0161 Janda<\/strong> <\/span><\/a>(od cca 2001 &#8211; dodnes) &#8211; Pre niekoho menej zn\u00e1me meno, niekto mo\u017eno pochop\u00ed ke\u010f spomeniem \u010desk\u00fd program <a href=\"http:\/\/www.kyblsoft.cz\/pokyd\">Pokyd<\/a> (simul\u00e1tor rozhovoru s PC). Ale\u0161 Janda bol a st\u00e1le je mojim vzorom, v oblasti programovania. V\u010faka nemu a \u0161anci prelo\u017ei\u0165 jeho program do sloven\u010diny, som sa zdokonalil v \u010de\u0161tine ako to len \u0161lo. Ale\u0161 je jeden z priate\u013eov, ktor\u00fdch si v\u017edy budem v\u00e1\u017ei\u0165.<\/p>\n<p><span style=\"color: #33cccc;\"><strong>Rise Against<\/strong><\/span> (od roku 2007) &#8211; Punk rockov\u00e1 kapela z Chicaga, ktor\u00e1 mi uk\u00e1zala , ako otrasne sa \u013eudia spr\u00e1vaj\u00fa k tejto plan\u00e9te a v\u0161etk\u00fdm zvierat\u00e1m \u017eij\u00facim tu. Ve\u013emi ma ovplyvnili svojou hudbou. Takisto prispeli k m\u00f4jmu postoju \u010do sa t\u00fdka z\u00e1vislost\u00ed. Takisto maj\u00fa na svedom\u00ed to, \u017ee sa b\u00farim proti v\u0161etk\u00e9mu, \u010do sa mi nezd\u00e1 spr\u00e1vne.<\/p>\n<p><span style=\"color: #33cccc;\"><strong>Steve Jobs<\/strong><\/span> (od roku 2009) &#8211; &#8222;Innovation distinguishes between a leader and a follower&#8220;. Steve Jobs bol vizion\u00e1r a\u00a0g\u00e9nius, hovoril, \u017ee sa nem\u00f4\u017eete p\u00fdta\u0165 \u013eud\u00ed \u010di chc\u00fa nie\u010do, \u010do e\u0161te nevideli a nevedia \u010di to bud\u00fa chcie\u0165. Takisto som si vzal k srdcu jeho &#8222;Posledn\u00fdch 33 rokov som sa ka\u017ed\u00e9 r\u00e1no pozrel do zrkadla a sp\u00fdtal sa s\u00e1m seba: Ak by toto bol m\u00f4j posledn\u00fd de\u0148, chcel by som urobi\u0165, to \u010do sa dnes chyst\u00e1m urobi\u0165? Ak som si 3x za sebou odpovedal NIE, vedel som, \u017ee nie\u010do mus\u00edm zmeni\u0165&#8220; &#8230;<\/p>\n<p><span style=\"color: #33cccc;\"><strong>Cirque Du Soleil<\/strong> <\/span>(2015) &#8211; Kanadsk\u00fd cirkus slnka, ich predstavenie Quidam v roku 2015 v Bratislave, o ktorom som do poslednej chv\u00edle nevedel, \u010do vlastne uvid\u00edm, ma chytilo za srdce a neskuto\u010dne ovplyvnilo\u00a0m\u00f4j postoj k \u017eivotu. V\u010faka n\u00edm som pochopil, \u017ee ka\u017ed\u00e1 v\u00fdzva je prekonate\u013en\u00e1, a v\u0161etko do \u010doho sa pust\u00edm beriem ako nov\u00fa sk\u00fasenos\u0165 a idem do toho aj ke\u010f sa mi vyslovene nechce, lebo to m\u00f4\u017ee by\u0165 \u010fal\u0161ia dobr\u00e1\/u\u017eito\u010dn\u00e1 sk\u00fasenos\u0165.<\/p>\n<p>&nbsp;<\/p>\n<p>Mali by tu by\u0165 aj <strong>moji rodi\u010dia<\/strong>, no zatia\u013e akoko\u013evek sa sna\u017e\u00edm, nedok\u00e1\u017eem ve\u013emi pr\u00edjs\u0165 na to, \u010do by som sem mal nap\u00edsa\u0165 k n\u00edm. Rozm\u00fd\u0161\u013eam nad slovami opora a podpora ale dokopy to proste nejde, nako\u013eko \u010doko\u013evek som vymyslel, reakcia bola &#8222;keby si robil rad\u0161ej nie\u010do norm\u00e1lne&#8220; . Dodnes neviem, \u010di si pod t\u00fdm predstavi\u0165 pracova\u0165 od 9 do 5 a potom do 10 pozera\u0165 telev\u00edzny v\u00fdplach a potom \u00eds\u0165 spa\u0165. Budem r\u00e1d ke\u010f mi to objasnia ak toto \u010d\u00edtaj\u00fa &#8211; o \u010dom teda pochybujem &#8211; aj na prv\u00fd webhosting a dom\u00e9nu mi musela prispie\u0165 teta, lebo pod\u013ea nich som iba vym\u00fd\u0161\u013eal sprostosti. \ud83d\ude42\u00a0 O tom \u017ee ke\u010f som sa dal na podnikanie tak moja mama \u0161omrala, \u017ee neviem do \u010doho idem a \u017ee to zle dopadne\u00a0 ani nemus\u00edm hovori\u0165.<\/p>\n<p>&nbsp;<\/p>\n<p><strong>M\u00f4j vz\u0165ah k pr\u00e1ci&#8230;.<\/strong><\/p>\n<p>Pracovne som sa zaradil medzi norm\u00e1lnych \u013eud\u00ed v okt\u00f3bri 2010, ke\u010f som prv\u00fd kr\u00e1t za\u010dal pracova\u0165 pre ob\u010diansk\u00e9 zdru\u017eenie &#8222;Za d\u00f4stojn\u00fd \u017eivot&#8220;. Pracoval som v detskom centre (dos\u0165 netypicky), v\u010faka \u010domu som si vybudoval aspo\u0148 nejak\u00fd vz\u0165ah k de\u0165om. Hoc v tejto pr\u00e1ci som bol len 3 mesiace do 1.1.2011&#8230;. Potom som sa rok poflakoval, bol som na vo\u013enej nohe, venoval sa tomu, \u010do ma bav\u00ed.<\/p>\n<p>od 1.1.2012 som za\u010dal pracova\u0165 pre s\u00fakromn\u00fa bezpe\u010dnostn\u00fa slu\u017ebu <a title=\"CBS-BOS\" href=\"http:\/\/cbs-bos.sk\" target=\"_blank\" rel=\"noopener noreferrer\">CBS-BOS spol s.r.o.<\/a> , kde som pracoval ako oper\u00e1tor na tzv. pulte centr\u00e1lnej ochrany. V tejto pr\u00e1ci som vytrval cel\u00fd jeden rok, do 1.1.2013. \ud83d\ude42 D\u00e1 sa poveda\u0165, \u017ee na tejto pr\u00e1ci ma bavili hlavne no\u010dn\u00e9 smeny. \u00a0V\u010faka nej som spoznal aj p\u00e1r skvel\u00fdch \u013eud\u00ed.<\/p>\n<p>od 27.2.2013 do 2.9.2015 som pracoval ako finan\u010dn\u00fd poradca pre pois\u0165ov\u0148u Wustenrot a.s.<\/p>\n<p>V obdob\u00ed 1.5.2014 a\u017e 31.10.2014 som pracoval na poz\u00edci\u00ed IT Trainee v spolo\u010dnosti Johnson Controls v Lu\u010denci. Pr\u00e1ca to bola zauj\u00edmav\u00e1, dala mi ve\u013ea hlavne \u010do sa pracovn\u00fdch n\u00e1vykov t\u00fdka, takisto som mal mo\u017enos\u0165 spozna\u0165 ve\u013ea skvel\u00fdch a pr\u00edjemn\u00fdch \u013eud\u00ed. A v\u010faka tejto pr\u00edle\u017eitosti som sa presved\u010dil, \u017ee \u013eudia \u010do tvrdia \u017ee je tam zle, si za to m\u00f4\u017eu sami \ud83d\ude42<\/p>\n<p>Od 1.2016 do 5.2017 som bol spoluautorom projektu MP-TunersTechTips. Jedn\u00e1 sa o youtube kan\u00e1l zameran\u00fd na po\u010d\u00edta\u010de. Na\u0161e vide\u00e1 obsahuj\u00fa r\u00f4zne recenzie, unboxingy (rozba\u013eovania produktov) , benchmarky (testy v\u00fdkonu), rady oh\u013eadom k\u00fapy po\u010d\u00edta\u010da \u010di komponentov (Buyers Guide), a podobne.<\/p>\n<p>Od 1.7.2018 (15.5.2018) do 17.9.2019 som pracoval pre spolo\u010dnos\u0165 Elektro M.T. , kde bolo mojou hlavnou n\u00e1pl\u0148ou pr\u00e1ce prev\u00e1dzkovanie internetov\u00e9ho obchodu <a href=\"https:\/\/www.elektromt.sk\">www.elektromt.sk<\/a> .<\/p>\n<p>Od 16.10.2019 som sa stal \u017eivnostn\u00edkom a pracujem pod zna\u010dkou Peter Protu\u0161 &#8211; K6 Computers. Viac m\u00f4\u017eete n\u00e1js\u0165 na <a href=\"http:\/\/www.k6computers.eu\">www.k6computers.eu<\/a><\/p>\n<p>Od 10.2025 pracujem pre NextBase ako technik &#8211; venujem sa in\u0161tal\u00e1ci\u00ed a servisu autokamier umiestnen\u00fdch vo vozidl\u00e1ch kurierskej spolo\u010dnosti GeoPost\/DPD.<\/p>\n<p>Od 7.5.2026 som zru\u0161il \u017eivnos\u0165 a pre\u0161iel ako konate\u013e pod pr\u00e1vnick\u00fa osobu &#8222;K6 Computers s.r.o&#8220;<\/p>\n","protected":false},"excerpt":{"rendered":"<p>&#8222;Neviem \u010do na tom \u013eudia vidia&#8220; &#8211; moja sn\u00fabenka\u00a0 Aktualizovan\u00e9: 7.5.2026 Vol\u00e1m sa Peter Protu\u0161, narodil som sa 13. marca 1991.\u00a0 V roku\u00a0 2010\u00a0 som\u00a0 skon\u010dil SP\u0160\u00a0 Stavebn\u00fa\u00a0 O.W.\u00a0 v Lu\u010denci.\u00a0 Moment\u00e1lne\u00a0 podnik\u00e1m\u00a0 v IT\u00a0 sf\u00e9re. Kedysi tu toho o mne bolo viac, moment\u00e1lne som to trochu pre\u010distil a \u010dasom sem sn\u00e1\u010f nie\u010do nap\u00ed\u0161em. A\u017e [&hellip;]<\/p>\n","protected":false},"author":1,"featured_media":0,"parent":0,"menu_order":7,"comment_status":"closed","ping_status":"closed","template":"","meta":{"footnotes":"","_links_to":"","_links_to_target":""},"class_list":["post-19","page","type-page","status-publish","hentry"],"_links":{"self":[{"href":"https:\/\/peterprotus.eu\/index.php?rest_route=\/wp\/v2\/pages\/19","targetHints":{"allow":["GET"]}}],"collection":[{"href":"https:\/\/peterprotus.eu\/index.php?rest_route=\/wp\/v2\/pages"}],"about":[{"href":"https:\/\/peterprotus.eu\/index.php?rest_route=\/wp\/v2\/types\/page"}],"author":[{"embeddable":true,"href":"https:\/\/peterprotus.eu\/index.php?rest_route=\/wp\/v2\/users\/1"}],"replies":[{"embeddable":true,"href":"https:\/\/peterprotus.eu\/index.php?rest_route=%2Fwp%2Fv2%2Fcomments&post=19"}],"version-history":[{"count":89,"href":"https:\/\/peterprotus.eu\/index.php?rest_route=\/wp\/v2\/pages\/19\/revisions"}],"predecessor-version":[{"id":1757,"href":"https:\/\/peterprotus.eu\/index.php?rest_route=\/wp\/v2\/pages\/19\/revisions\/1757"}],"wp:attachment":[{"href":"https:\/\/peterprotus.eu\/index.php?rest_route=%2Fwp%2Fv2%2Fmedia&parent=19"}],"curies":[{"name":"wp","href":"https:\/\/api.w.org\/{rel}","templated":true}]}}