{"id":1749,"date":"2026-04-29T23:56:34","date_gmt":"2026-04-29T23:56:34","guid":{"rendered":"https:\/\/peterprotus.eu\/?page_id=1749"},"modified":"2026-04-29T23:57:03","modified_gmt":"2026-04-29T23:57:03","slug":"1749-2","status":"publish","type":"page","link":"https:\/\/peterprotus.eu\/?page_id=1749","title":{"rendered":"Chevrolet Cruze LT 1.8"},"content":{"rendered":"<p>Najnov\u0161\u00ed pr\u00edrastok do rodiny. Chevrolet Cruze LT, ktor\u00fd vyvinulo GM Daewoo a pred\u00e1val sa aj pod n\u00e1zvom Daewoo Lacetti Premiere na K\u00f3rejskom trhu od roku 2008 do roku 2011. Cruze je priamy n\u00e1stupca \u00faspe\u0161n\u00e9ho modelu Daewoo\u00a0 Nubira \/ Chevrolet Lacetti J200.<\/p>\n<p>&nbsp;<\/p>\n<p>Cruze som k\u00fapil ako prekvapenie k z\u00e1snub\u00e1m pre moju partnerku Dianku. V podstate sa a\u017e na RS packet jedn\u00e1 o identick\u00e9 auto ako je m\u00f4j Cruze.<\/p>\n<p><a style=\"color: #31cbef;\" href=\"http:\/\/peterprotus.eu\/wp-content\/uploads\/2026\/04\/IMG_20250915_183009-scaled.jpg\"><img loading=\"lazy\" decoding=\"async\" class=\"alignright wp-image-1750 size-medium\" src=\"http:\/\/peterprotus.eu\/wp-content\/uploads\/2026\/04\/IMG_20250915_183009-300x169.jpg\" alt=\"\" width=\"300\" height=\"169\" srcset=\"https:\/\/peterprotus.eu\/wp-content\/uploads\/2026\/04\/IMG_20250915_183009-300x169.jpg 300w, https:\/\/peterprotus.eu\/wp-content\/uploads\/2026\/04\/IMG_20250915_183009-1024x576.jpg 1024w, https:\/\/peterprotus.eu\/wp-content\/uploads\/2026\/04\/IMG_20250915_183009-768x432.jpg 768w, https:\/\/peterprotus.eu\/wp-content\/uploads\/2026\/04\/IMG_20250915_183009-1536x864.jpg 1536w, https:\/\/peterprotus.eu\/wp-content\/uploads\/2026\/04\/IMG_20250915_183009-2048x1153.jpg 2048w\" sizes=\"auto, (max-width: 300px) 100vw, 300px\" \/><\/a><\/p>\n<p>Cruze je vo v\u00fdbave LT, tak\u017ee zah\u0155\u0148a 17 palcov\u00e9 hlin\u00edkov\u00e9 disky, ko\u017een\u00fd interi\u00e9r, parkovacie senzory, follow me home funkciu, r\u00e1dio s USB (nahraden\u00e9 androidom), abs + tcs, esp, 6 airbagov, tempomat, hmlovky, samozatmavovacie sp\u00e4tn\u00e9 zrkadlo.<\/p>\n<p>Pri k\u00fape mal Cruze za sebou 180 000km.<a href=\"http:\/\/peterprotus.eu\/wp-content\/uploads\/2024\/08\/2024-07-25-14.24.56-scaled.jpg\"><br \/>\n<\/a><\/p>\n<p>Daewoo pri v\u00fdvoji Cruze\/Lacetti Premiere spolupracovalo s Oplom. Cruze v podstate vych\u00e1dza z Opel Astra J \u010do je pozna\u0165 hlavne na pou\u017eit\u00fdch motoriz\u00e1ci\u00e1ch.<\/p>\n<p>&nbsp;<\/p>\n","protected":false},"excerpt":{"rendered":"<p>Najnov\u0161\u00ed pr\u00edrastok do rodiny. Chevrolet Cruze LT, ktor\u00fd vyvinulo GM Daewoo a pred\u00e1val sa aj pod n\u00e1zvom Daewoo Lacetti Premiere na K\u00f3rejskom trhu od roku 2008 do roku 2011. Cruze je priamy n\u00e1stupca \u00faspe\u0161n\u00e9ho modelu Daewoo\u00a0 Nubira \/ Chevrolet Lacetti J200. &nbsp; Cruze som k\u00fapil ako prekvapenie k z\u00e1snub\u00e1m pre moju partnerku Dianku. V podstate [&hellip;]<\/p>\n","protected":false},"author":1,"featured_media":0,"parent":314,"menu_order":0,"comment_status":"closed","ping_status":"closed","template":"","meta":{"footnotes":"","_links_to":"","_links_to_target":""},"class_list":["post-1749","page","type-page","status-publish","hentry"],"_links":{"self":[{"href":"https:\/\/peterprotus.eu\/index.php?rest_route=\/wp\/v2\/pages\/1749","targetHints":{"allow":["GET"]}}],"collection":[{"href":"https:\/\/peterprotus.eu\/index.php?rest_route=\/wp\/v2\/pages"}],"about":[{"href":"https:\/\/peterprotus.eu\/index.php?rest_route=\/wp\/v2\/types\/page"}],"author":[{"embeddable":true,"href":"https:\/\/peterprotus.eu\/index.php?rest_route=\/wp\/v2\/users\/1"}],"replies":[{"embeddable":true,"href":"https:\/\/peterprotus.eu\/index.php?rest_route=%2Fwp%2Fv2%2Fcomments&post=1749"}],"version-history":[{"count":3,"href":"https:\/\/peterprotus.eu\/index.php?rest_route=\/wp\/v2\/pages\/1749\/revisions"}],"predecessor-version":[{"id":1753,"href":"https:\/\/peterprotus.eu\/index.php?rest_route=\/wp\/v2\/pages\/1749\/revisions\/1753"}],"up":[{"embeddable":true,"href":"https:\/\/peterprotus.eu\/index.php?rest_route=\/wp\/v2\/pages\/314"}],"wp:attachment":[{"href":"https:\/\/peterprotus.eu\/index.php?rest_route=%2Fwp%2Fv2%2Fmedia&parent=1749"}],"curies":[{"name":"wp","href":"https:\/\/api.w.org\/{rel}","templated":true}]}}