{"id":170,"date":"2013-01-30T01:55:29","date_gmt":"2013-01-30T01:55:29","guid":{"rendered":"http:\/\/lordmmx.net\/?page_id=170"},"modified":"2016-10-02T00:02:45","modified_gmt":"2016-10-02T00:02:45","slug":"alan-mighty-3d","status":"publish","type":"page","link":"https:\/\/peterprotus.eu\/?page_id=170","title":{"rendered":"Alan Mighty 3D"},"content":{"rendered":"<h2><strong>Alan Mighty<\/strong><\/h2>\n<p>&nbsp;<\/p>\n<p>P\u00f4vodny n\u00e1zov hry bol Uto Nukem 3D, hovoril o ak\u010dnom hrdinovi ktor\u00fd miloval hrabanie sa v smetn\u00fdch ko\u0161och.<br \/>\nZmena n\u00e1zvu pri\u0161la v de\u0148 ke\u010f spolo\u010dnos\u0165 Gearbox Software ozn\u00e1mila fin\u00e1lny d\u00e1tum vydania hry Duke Nukem Forever. Nechcel som sa dosta\u0165 kv\u00f4li n\u00e1zvu do konfliktu tak som hodne vec\u00ed pozmenil v hre.<\/p>\n<p>&nbsp;<\/p>\n<p>Hra je od za\u010diatku zam\u00fd\u0161\u013ean\u00e1 ako freeware projekt. Zatia\u013e som sa moc \u010faleko nedostal, m\u00e1m nadizajnovan\u00e9 4 levely z pl\u00e1novan\u00fdch 50tich. Som na to s\u00e1m, tak\u017ee to tro\u0161ku trv\u00e1.<\/p>\n<p>&nbsp;<\/p>\n<p><strong>Screenshoty:<a href=\"http:\/\/peterprotus.eu\/wp-content\/uploads\/2013\/01\/screen6.jpg\"><img loading=\"lazy\" decoding=\"async\" class=\"aligncenter size-medium wp-image-171\" title=\"screen6\" src=\"http:\/\/peterprotus.eu\/wp-content\/uploads\/2013\/01\/screen6-300x187.jpg\" alt=\"\" width=\"300\" height=\"187\" srcset=\"https:\/\/peterprotus.eu\/wp-content\/uploads\/2013\/01\/screen6-300x187.jpg 300w, https:\/\/peterprotus.eu\/wp-content\/uploads\/2013\/01\/screen6-1024x640.jpg 1024w, https:\/\/peterprotus.eu\/wp-content\/uploads\/2013\/01\/screen6.jpg 1920w\" sizes=\"auto, (max-width: 300px) 100vw, 300px\" \/><\/a><\/strong><\/p>\n<p><a href=\"http:\/\/peterprotus.eu\/wp-content\/uploads\/2013\/01\/screen7.jpg\"><img loading=\"lazy\" decoding=\"async\" class=\"aligncenter size-medium wp-image-172\" title=\"screen7\" src=\"http:\/\/peterprotus.eu\/wp-content\/uploads\/2013\/01\/screen7-300x187.jpg\" alt=\"\" width=\"300\" height=\"187\" srcset=\"https:\/\/peterprotus.eu\/wp-content\/uploads\/2013\/01\/screen7-300x187.jpg 300w, https:\/\/peterprotus.eu\/wp-content\/uploads\/2013\/01\/screen7-1024x640.jpg 1024w, https:\/\/peterprotus.eu\/wp-content\/uploads\/2013\/01\/screen7.jpg 1920w\" sizes=\"auto, (max-width: 300px) 100vw, 300px\" \/><\/a><\/p>\n<p><a href=\"http:\/\/peterprotus.eu\/wp-content\/uploads\/2013\/01\/screen13.jpg\"><img loading=\"lazy\" decoding=\"async\" class=\"aligncenter size-medium wp-image-173\" title=\"screen13\" src=\"http:\/\/peterprotus.eu\/wp-content\/uploads\/2013\/01\/screen13-300x187.jpg\" alt=\"\" width=\"300\" height=\"187\" srcset=\"https:\/\/peterprotus.eu\/wp-content\/uploads\/2013\/01\/screen13-300x187.jpg 300w, https:\/\/peterprotus.eu\/wp-content\/uploads\/2013\/01\/screen13-1024x640.jpg 1024w, https:\/\/peterprotus.eu\/wp-content\/uploads\/2013\/01\/screen13.jpg 1920w\" sizes=\"auto, (max-width: 300px) 100vw, 300px\" \/><\/a><\/p>\n","protected":false},"excerpt":{"rendered":"<p>Alan Mighty &nbsp; P\u00f4vodny n\u00e1zov hry bol Uto Nukem 3D, hovoril o ak\u010dnom hrdinovi ktor\u00fd miloval hrabanie sa v smetn\u00fdch ko\u0161och. Zmena n\u00e1zvu pri\u0161la v de\u0148 ke\u010f spolo\u010dnos\u0165 Gearbox Software ozn\u00e1mila fin\u00e1lny d\u00e1tum vydania hry Duke Nukem Forever. Nechcel som sa dosta\u0165 kv\u00f4li n\u00e1zvu do konfliktu tak som hodne vec\u00ed pozmenil v hre. &nbsp; Hra [&hellip;]<\/p>\n","protected":false},"author":1,"featured_media":0,"parent":13,"menu_order":2,"comment_status":"open","ping_status":"open","template":"","meta":{"footnotes":"","_links_to":"","_links_to_target":""},"class_list":["post-170","page","type-page","status-publish","hentry"],"_links":{"self":[{"href":"https:\/\/peterprotus.eu\/index.php?rest_route=\/wp\/v2\/pages\/170","targetHints":{"allow":["GET"]}}],"collection":[{"href":"https:\/\/peterprotus.eu\/index.php?rest_route=\/wp\/v2\/pages"}],"about":[{"href":"https:\/\/peterprotus.eu\/index.php?rest_route=\/wp\/v2\/types\/page"}],"author":[{"embeddable":true,"href":"https:\/\/peterprotus.eu\/index.php?rest_route=\/wp\/v2\/users\/1"}],"replies":[{"embeddable":true,"href":"https:\/\/peterprotus.eu\/index.php?rest_route=%2Fwp%2Fv2%2Fcomments&post=170"}],"version-history":[{"count":5,"href":"https:\/\/peterprotus.eu\/index.php?rest_route=\/wp\/v2\/pages\/170\/revisions"}],"predecessor-version":[{"id":1185,"href":"https:\/\/peterprotus.eu\/index.php?rest_route=\/wp\/v2\/pages\/170\/revisions\/1185"}],"up":[{"embeddable":true,"href":"https:\/\/peterprotus.eu\/index.php?rest_route=\/wp\/v2\/pages\/13"}],"wp:attachment":[{"href":"https:\/\/peterprotus.eu\/index.php?rest_route=%2Fwp%2Fv2%2Fmedia&parent=170"}],"curies":[{"name":"wp","href":"https:\/\/api.w.org\/{rel}","templated":true}]}}