{"id":1399,"date":"2022-06-15T18:46:34","date_gmt":"2022-06-15T18:46:34","guid":{"rendered":"http:\/\/peterprotus.eu\/?page_id=1399"},"modified":"2023-02-18T20:49:11","modified_gmt":"2023-02-18T20:49:11","slug":"daewoo-leganza-2-0-16v-sx","status":"publish","type":"page","link":"https:\/\/peterprotus.eu\/?page_id=1399","title":{"rendered":"Daewoo Leganza 2.0 16V SX"},"content":{"rendered":"<p><img loading=\"lazy\" decoding=\"async\" class=\"aligncenter\" src=\"http:\/\/peterprotus.eu\/wp-content\/uploads\/2022\/11\/gmdat-768x183.png\" alt=\"\" width=\"555\" height=\"132\"><\/p>\n<h3><strong>Daewoo Leganza 2.0 16V X20SED 98kw<a href=\"http:\/\/peterprotus.eu\/wp-content\/uploads\/2023\/02\/IMG_20221025_132919-scaled-e1676753086447.jpg\"><img loading=\"lazy\" decoding=\"async\" class=\"alignright wp-image-1588 \" src=\"http:\/\/peterprotus.eu\/wp-content\/uploads\/2023\/02\/IMG_20221025_132919-scaled-e1676753086447-1024x741.jpg\" alt=\"\" width=\"352\" height=\"254\" srcset=\"https:\/\/peterprotus.eu\/wp-content\/uploads\/2023\/02\/IMG_20221025_132919-scaled-e1676753086447-1024x741.jpg 1024w, https:\/\/peterprotus.eu\/wp-content\/uploads\/2023\/02\/IMG_20221025_132919-scaled-e1676753086447-300x217.jpg 300w, https:\/\/peterprotus.eu\/wp-content\/uploads\/2023\/02\/IMG_20221025_132919-scaled-e1676753086447-768x555.jpg 768w, https:\/\/peterprotus.eu\/wp-content\/uploads\/2023\/02\/IMG_20221025_132919-scaled-e1676753086447.jpg 1344w\" sizes=\"auto, (max-width: 352px) 100vw, 352px\" \/><\/a><\/strong><\/h3>\n<p>\u010eal\u0161\u00ed pr\u00edrastok do rodiny, Daewoo Leganza 2.0 16V 98kw, ktor\u00e1 nahradila v produktovej l\u00edni\u00ed Espero u\u017e v roku 1998. U n\u00e1s sa pred\u00e1vala v z\u00e1klade za viac ne\u017e 500 000 sk.&nbsp;<\/p>\n<p>Existovala vo verzii SX a CDX. Najbe\u017enej\u0161ia motoriz\u00e1cia je pr\u00e1ve 2.0 16V o v\u00fdkone 98kw, av\u0161ak existovali aj varianty s obsahmi 1.8 a 2.2\u2026 Varianta 1.8 po na\u0161ich cest\u00e1ch nebr\u00e1zdi asi ani jedna, a varianta 2.2 je vz\u00e1cnos\u0165.&nbsp;<\/p>\n<p>Neodolal som a k\u00fapil som verziu SX, teda s ni\u017e\u0161iou v\u00fdbavou.&nbsp;<\/p>\n<p>Leganza m\u00e1 motor 2.0L 16V o v\u00fdkone 98kw (motor je toto\u017en\u00fd s motorom z Nubiry alebo z Opel Omega), a z v\u00fdbavy&nbsp; obsahuje manu\u00e1lnu kl\u00edmatiz\u00e1ciu, hmlovky, jeden airbag, elektrick\u00e9 okn\u00e1, ABS.&nbsp; Oproti verzii CDX nem\u00e1 adaptabiln\u00e9 servo (men\u00ed silu &#8222;pomoci&#8220; pod\u013ea aktu\u00e1lnej r\u00fdchlosti), ch\u00fdba jej jeden airbag, nem\u00e1 TCS, nem\u00e1 centr\u00e1l s dia\u013ekov\u00fdm a alarmom.&nbsp;&nbsp;<\/p>\n<p>Leganzu som k\u00fapil&nbsp; s n\u00e1jazdom 142 tis\u00edc km a nebola k nej \u017eiadna servisn\u00e1 hist\u00f3ria. V\u0161etko sa teda mus\u00edm u\u010di\u0165 postupne. Auto som k\u00fapil s odtrhnut\u00fdm zadn\u00fdm tlmi\u010dom &#8211; zhnilo ulo\u017eenie.&nbsp;<br \/>\nAuto je pod\u013ea v\u0161etk\u00e9ho p\u00f4vodne z baz\u00e1ru, ale majite\u013e od ktor\u00e9ho som ho k\u00fapil ho nemal ani pol roka. Auto som k\u00fapil hlavne ako s\u00fabor n\u00e1hradn\u00fdch dielov kv\u00f4li stavu interi\u00e9ru a predn\u00fdch svetiel (ktor\u00e9 som u\u017e stihol prehodi\u0165 na bordov\u00fa leganzu), pl\u00e1nujem z neho prehodi\u0165 aj predn\u00e9 sedadl\u00e1 a \u010fal\u0161ie veci. <strong>Av\u0161ak<\/strong> auto chcem zachova\u0165 plne pojazdn\u00e9 a teda dostane v\u0161etok servis, ktor\u00fd potrebuje, aby jazdilo a bolo spo\u013eahliv\u00e9.&nbsp;<\/p>\n<p>Postup opr\u00e1v pop\u00ed\u0161em v sekcii &#8222;Hist\u00f3ria vozidla&#8220; .&nbsp;<\/p>\n<p><span style=\"color: #ff0000;\"><strong>Leganza bola predan\u00e1 11.2.2023<\/strong><\/span><\/p>\n","protected":false},"excerpt":{"rendered":"<p>Daewoo Leganza 2.0 16V X20SED 98kw \u010eal\u0161\u00ed pr\u00edrastok do rodiny, Daewoo Leganza 2.0 16V 98kw, ktor\u00e1 nahradila v produktovej l\u00edni\u00ed Espero u\u017e v roku 1998. U n\u00e1s sa pred\u00e1vala v z\u00e1klade za viac ne\u017e 500 000 sk.&nbsp; Existovala vo verzii SX a CDX. Najbe\u017enej\u0161ia motoriz\u00e1cia je pr\u00e1ve 2.0 16V o v\u00fdkone 98kw, av\u0161ak existovali aj [&hellip;]<\/p>\n","protected":false},"author":1,"featured_media":0,"parent":1592,"menu_order":1,"comment_status":"closed","ping_status":"closed","template":"","meta":{"footnotes":"","_links_to":"","_links_to_target":""},"class_list":["post-1399","page","type-page","status-publish","hentry"],"_links":{"self":[{"href":"https:\/\/peterprotus.eu\/index.php?rest_route=\/wp\/v2\/pages\/1399","targetHints":{"allow":["GET"]}}],"collection":[{"href":"https:\/\/peterprotus.eu\/index.php?rest_route=\/wp\/v2\/pages"}],"about":[{"href":"https:\/\/peterprotus.eu\/index.php?rest_route=\/wp\/v2\/types\/page"}],"author":[{"embeddable":true,"href":"https:\/\/peterprotus.eu\/index.php?rest_route=\/wp\/v2\/users\/1"}],"replies":[{"embeddable":true,"href":"https:\/\/peterprotus.eu\/index.php?rest_route=%2Fwp%2Fv2%2Fcomments&post=1399"}],"version-history":[{"count":9,"href":"https:\/\/peterprotus.eu\/index.php?rest_route=\/wp\/v2\/pages\/1399\/revisions"}],"predecessor-version":[{"id":1591,"href":"https:\/\/peterprotus.eu\/index.php?rest_route=\/wp\/v2\/pages\/1399\/revisions\/1591"}],"up":[{"embeddable":true,"href":"https:\/\/peterprotus.eu\/index.php?rest_route=\/wp\/v2\/pages\/1592"}],"wp:attachment":[{"href":"https:\/\/peterprotus.eu\/index.php?rest_route=%2Fwp%2Fv2%2Fmedia&parent=1399"}],"curies":[{"name":"wp","href":"https:\/\/api.w.org\/{rel}","templated":true}]}}