{"id":1310,"date":"2020-02-07T17:12:35","date_gmt":"2020-02-07T17:12:35","guid":{"rendered":"http:\/\/peterprotus.eu\/?page_id=1310"},"modified":"2020-02-07T17:14:10","modified_gmt":"2020-02-07T17:14:10","slug":"g-o-motora","status":"publish","type":"page","link":"https:\/\/peterprotus.eu\/?page_id=1310","title":{"rendered":"G.O. Motora"},"content":{"rendered":"<p>Pri 280 000km Evanda podst\u00fapila G.O. motora nako\u013eko spa\u013eovala olej. A hodne.&nbsp; O servis sa postaral Alex Novohradsk\u00fd.&nbsp;<\/p>\n<p>[ngg src=&#8220;galleries&#8220; ids=&#8220;12&#8243; display=&#8220;basic_thumbnail&#8220; thumbnail_crop=&#8220;0&#8243;]<\/p>\n","protected":false},"excerpt":{"rendered":"<p>Pri 280 000km Evanda podst\u00fapila G.O. motora nako\u013eko spa\u013eovala olej. A hodne.&nbsp; O servis sa postaral Alex Novohradsk\u00fd.&nbsp; [ngg src=&#8220;galleries&#8220; ids=&#8220;12&#8243; display=&#8220;basic_thumbnail&#8220; thumbnail_crop=&#8220;0&#8243;]<\/p>\n","protected":false},"author":1,"featured_media":0,"parent":1307,"menu_order":0,"comment_status":"closed","ping_status":"closed","template":"","meta":{"footnotes":"","_links_to":"","_links_to_target":""},"class_list":["post-1310","page","type-page","status-publish","hentry"],"_links":{"self":[{"href":"https:\/\/peterprotus.eu\/index.php?rest_route=\/wp\/v2\/pages\/1310","targetHints":{"allow":["GET"]}}],"collection":[{"href":"https:\/\/peterprotus.eu\/index.php?rest_route=\/wp\/v2\/pages"}],"about":[{"href":"https:\/\/peterprotus.eu\/index.php?rest_route=\/wp\/v2\/types\/page"}],"author":[{"embeddable":true,"href":"https:\/\/peterprotus.eu\/index.php?rest_route=\/wp\/v2\/users\/1"}],"replies":[{"embeddable":true,"href":"https:\/\/peterprotus.eu\/index.php?rest_route=%2Fwp%2Fv2%2Fcomments&post=1310"}],"version-history":[{"count":3,"href":"https:\/\/peterprotus.eu\/index.php?rest_route=\/wp\/v2\/pages\/1310\/revisions"}],"predecessor-version":[{"id":1313,"href":"https:\/\/peterprotus.eu\/index.php?rest_route=\/wp\/v2\/pages\/1310\/revisions\/1313"}],"up":[{"embeddable":true,"href":"https:\/\/peterprotus.eu\/index.php?rest_route=\/wp\/v2\/pages\/1307"}],"wp:attachment":[{"href":"https:\/\/peterprotus.eu\/index.php?rest_route=%2Fwp%2Fv2%2Fmedia&parent=1310"}],"curies":[{"name":"wp","href":"https:\/\/api.w.org\/{rel}","templated":true}]}}