{"id":121,"date":"2012-10-02T20:07:53","date_gmt":"2012-10-02T20:07:53","guid":{"rendered":"http:\/\/lordmmx.net\/?page_id=121"},"modified":"2017-06-23T15:31:38","modified_gmt":"2017-06-23T15:31:38","slug":"anti-lock-braking-system-abs","status":"publish","type":"page","link":"https:\/\/peterprotus.eu\/?page_id=121","title":{"rendered":"Anti-lock braking system (ABS)"},"content":{"rendered":"<p>Daewoo Nexia GLX 16V malo vo volitelnej v\u00fdbave Anti-lock Braking System, v skratke ABS. T\u00e1to funkcia bola doslova a do p\u00edsmena prebrat\u00e1 a len mierne vylep\u0161en\u00e1 oproti p\u00f4vodnej verzii z Oplu Kadett 2.0 GSi . &nbsp;Bohu\u017eia\u013e Nexia a Espero skoro ka\u017ed\u00e9 jedno ktor\u00e9 kedy ABS malo, ho m\u00e1 z nejak\u00e9ho d\u00f4vodu nefunk\u010dn\u00e9.<\/p>\n<p>Na mojej ness\u00ed ABS prestalo fungova\u0165 ke\u010f mala asi 6 rokov. Nikto poriadne nevedel pre\u010do, menili \u010didl\u00e1, resetovali RJ, ni\u010d nepom\u00e1halo. U m\u0148a sa smola s ABS posunula e\u0161te \u010falej, ke\u010f sa k svietiacej kontrolke ABS pridala kontrolka ru\u010dnej brzdy.<\/p>\n<p>Najprv som si myslel \u017ee je po\u0161koden\u00fd sn\u00edma\u010d ru\u010dnej brzdy a je st\u00e1le zopnut\u00fd. Tam ale chyba nebola. &nbsp;Potom som kontroloval \u010didlo stavu brzdovej kvapaliny. Aj to bolo v poriadku. Dob\u00edjanie takisto v poriadku (14,4V dob\u00edjalo)&#8230; Tak ma napadlo u\u017e len jedno. Odpoji\u0165 RJ ABS. &nbsp;Zabralo to, kontrolka ru\u010dnej brzdy zhasla, kontrolka ABS ale ostala svieti\u0165. Tak som vytiahol \u017eiarovku (:D rie\u0161enie ala FIAT) a pokoj.<\/p>\n<p>&nbsp;<\/p>\n<p style=\"text-align: center;\"><a href=\"http:\/\/peterprotus.eu\/wp-content\/uploads\/2012\/10\/schemat.jpg\"><img loading=\"lazy\" decoding=\"async\" class=\" wp-image-125 aligncenter\" title=\"schemat\" src=\"http:\/\/peterprotus.eu\/wp-content\/uploads\/2012\/10\/schemat.jpg\" alt=\"\" width=\"660\" height=\"684\"><\/a><\/p>\n<blockquote><p>V sch\u00e9me n\u00e1s zauj\u00edma P7 , P8, P9, P10 \u010do s\u00fa v\u00fdstupy \u010didiel do konektoru.<\/p><\/blockquote>\n<p>&nbsp;<\/p>\n<p>P\u00e1r dn\u00ed dozadu mi to ale nedalo pokoj. Na\u0161iel som na 8gt.ru sch\u00e9mu zapojenia ABS. dovtedy som to nerie\u0161il lebo sa mi nechcelo v\u00e1\u013ea\u0165 sa pod autom a mera\u0165 ka\u017ed\u00e9 \u010didlo zvl\u00e1\u0161\u0165. Pod\u013ea sch\u00e9my som zmeral \u010didla z interieru auta cez konektor a prav\u00e9 predn\u00e9 \u010didlo ned\u00e1valo \u017eiadny \u00fadaj (\u017eiadny odpor) zatia\u013e \u010do ostatn\u00e9 mali v\u0161etky cca 1080 ohm . Tak som si \u013eahol pod auto, odpojil k\u00e1bel a zmeral samotn\u00e9 \u010didlo. To bolo v poriadku a vykazovalo cca 1170 ohm.<\/p>\n<p>Znamenalo to zlomen\u00fd k\u00e1bel. Rozrezal som ho , vytiahol von a po 5cm rezal a meral. Akon\u00e1hle multimeter signalizoval \u017ee je kontakt v poriadku (p\u00edpan\u00edm), prestal som reza\u0165 a &nbsp;nap\u00e1jkoval som nov\u00fd k\u00e1bel. ten som natiahol k \u010didlu, prip\u00e1jkoval na konektor, zaizoloval a v\u0161etko e\u0161te raz zmeral z interieru priamo z konektoru, a kr\u00e1sne mi uk\u00e1zalo cca 1100 ohm.<\/p>\n<p>Len\u017ee ke\u010f som znova zapol \u0161\u0165avu do RJ, znova sa rozsvietila kontrolka ru\u010dnej brzdy. Na\u0161tudoval som p\u00e1r f\u00f3r a niektor\u00ed p\u00edsali \u017ee &nbsp;je to chyba rel\u00e1tka. N\u00e1js\u0165 ho bol doslova probl\u00e9m, a\u017e nakoniec vysvitlo \u017ee to mal\u00e9 hnusn\u00e9 \u010dudo je schovan\u00e9 ved\u013ea RJ (vi\u010f foto ni\u017e\u0161ie). Von i\u0161lo a\u017e kombina\u010dkami :D. Po rozobrat\u00ed a vizu\u00e1lnej kontrole, vypadalo ako nov\u00e9. Po zapojen\u00ed v \u0148om v\u017edy 2x cvaklo. Tak\u017ee probl\u00e9m bol v RJ. &nbsp;Rie\u0161en\u00edm bola &#8222;rusk\u00e1 oprava&#8220; . Dve decentn\u00e9 rany gumen\u00fdm kladivom priamo do RJ a probl\u00e9m sa vyrie\u0161il . V rel\u00e1tku cvaklo raz, kontrolky zhasli obe (ABS a BRAKE) a ABS za\u010dalo fungova\u0165 (vi\u010f video ni\u017e\u0161ie).<\/p>\n<p>&nbsp;<\/p>\n<p>E\u0161te mus\u00edm pr\u00edjs\u0165 nato pre\u010do sa rozsvieti kontrolka ABS &nbsp;v\u017edy ke\u010f za\u010dnem c\u00fava\u0165 ale zatia\u013e to nie je podstatn\u00e9 lebo ke\u010f jazd\u00edm norm\u00e1lne tak funguje. a aby nesta\u010dilo, hne\u010f de\u0148 po oprave mi to zachr\u00e1nilo ness\u00ed pred kol\u00edziou s nag\u00e9lovan\u00fdm 19 ro\u010dn\u00fdm pip\u00ed\u0161om v bavor\u00e1ku (\u010dur\u00e1ci si myslia \u017ee ke\u010f im otecko k\u00fapi bajera tak nemusia d\u00e1va\u0165 prednos\u0165)&#8230;.<\/p>\n<p>&nbsp;<\/p>\n<p><a href=\"http:\/\/peterprotus.eu\/wp-content\/uploads\/2012\/10\/IMG_3657.jpg\"><img loading=\"lazy\" decoding=\"async\" width=\"300\" height=\"224\" class=\" wp-image-123 alignleft\" title=\"IMG_3657\" src=\"http:\/\/peterprotus.eu\/wp-content\/uploads\/2012\/10\/IMG_3657-300x224.jpg\" alt=\"\" srcset=\"https:\/\/peterprotus.eu\/wp-content\/uploads\/2012\/10\/IMG_3657-300x224.jpg 300w, https:\/\/peterprotus.eu\/wp-content\/uploads\/2012\/10\/IMG_3657-1024x764.jpg 1024w\" sizes=\"auto, (max-width: 300px) 100vw, 300px\" \/><\/a><\/p>\n<p><a href=\"http:\/\/peterprotus.eu\/wp-content\/uploads\/2012\/10\/IMG_3656.jpg\"><img loading=\"lazy\" decoding=\"async\" width=\"224\" height=\"300\" class=\" wp-image-124 alignright\" title=\"IMG_3656\" src=\"http:\/\/peterprotus.eu\/wp-content\/uploads\/2012\/10\/IMG_3656-224x300.jpg\" alt=\"\" srcset=\"https:\/\/peterprotus.eu\/wp-content\/uploads\/2012\/10\/IMG_3656-224x300.jpg 224w, https:\/\/peterprotus.eu\/wp-content\/uploads\/2012\/10\/IMG_3656-764x1024.jpg 764w, https:\/\/peterprotus.eu\/wp-content\/uploads\/2012\/10\/IMG_3656.jpg 1936w\" sizes=\"auto, (max-width: 224px) 100vw, 224px\" \/><\/a><\/p>\n<p><iframe loading=\"lazy\" src=\"http:\/\/www.youtube.com\/embed\/WCGVsH8ARJE\" width=\"560\" height=\"315\" frameborder=\"0\"><\/iframe><\/p>\n","protected":false},"excerpt":{"rendered":"<p>Daewoo Nexia GLX 16V malo vo volitelnej v\u00fdbave Anti-lock Braking System, v skratke ABS. T\u00e1to funkcia bola doslova a do p\u00edsmena prebrat\u00e1 a len mierne vylep\u0161en\u00e1 oproti p\u00f4vodnej verzii z Oplu Kadett 2.0 GSi . &nbsp;Bohu\u017eia\u013e Nexia a Espero skoro ka\u017ed\u00e9 jedno ktor\u00e9 kedy ABS malo, ho m\u00e1 z nejak\u00e9ho d\u00f4vodu nefunk\u010dn\u00e9. Na mojej ness\u00ed [&hellip;]<\/p>\n","protected":false},"author":1,"featured_media":0,"parent":15,"menu_order":6,"comment_status":"open","ping_status":"open","template":"","meta":{"footnotes":"","_links_to":"","_links_to_target":""},"class_list":["post-121","page","type-page","status-publish","hentry"],"_links":{"self":[{"href":"https:\/\/peterprotus.eu\/index.php?rest_route=\/wp\/v2\/pages\/121","targetHints":{"allow":["GET"]}}],"collection":[{"href":"https:\/\/peterprotus.eu\/index.php?rest_route=\/wp\/v2\/pages"}],"about":[{"href":"https:\/\/peterprotus.eu\/index.php?rest_route=\/wp\/v2\/types\/page"}],"author":[{"embeddable":true,"href":"https:\/\/peterprotus.eu\/index.php?rest_route=\/wp\/v2\/users\/1"}],"replies":[{"embeddable":true,"href":"https:\/\/peterprotus.eu\/index.php?rest_route=%2Fwp%2Fv2%2Fcomments&post=121"}],"version-history":[{"count":11,"href":"https:\/\/peterprotus.eu\/index.php?rest_route=\/wp\/v2\/pages\/121\/revisions"}],"predecessor-version":[{"id":1194,"href":"https:\/\/peterprotus.eu\/index.php?rest_route=\/wp\/v2\/pages\/121\/revisions\/1194"}],"up":[{"embeddable":true,"href":"https:\/\/peterprotus.eu\/index.php?rest_route=\/wp\/v2\/pages\/15"}],"wp:attachment":[{"href":"https:\/\/peterprotus.eu\/index.php?rest_route=%2Fwp%2Fv2%2Fmedia&parent=121"}],"curies":[{"name":"wp","href":"https:\/\/api.w.org\/{rel}","templated":true}]}}