{"id":100,"date":"2012-09-17T00:20:58","date_gmt":"2012-09-17T00:20:58","guid":{"rendered":"http:\/\/lordmmx.net\/?page_id=100"},"modified":"2012-09-17T00:20:58","modified_gmt":"2012-09-17T00:20:58","slug":"zadne-led-cire-svetla","status":"publish","type":"page","link":"https:\/\/peterprotus.eu\/?page_id=100","title":{"rendered":"zadn\u00e9 LED \u010d\u00edre svetl\u00e1"},"content":{"rendered":"<figure style=\"width: 454px\" class=\"wp-caption aligncenter\"><a href=\"https:\/\/fbcdn-sphotos-f-a.akamaihd.net\/hphotos-ak-ash3\/558686_418676321476090_1404056521_n.jpg\"><img loading=\"lazy\" decoding=\"async\" class=\" \" title=\"LED \u010c\u00edre svetl\u00e1\" src=\"https:\/\/fbcdn-sphotos-f-a.akamaihd.net\/hphotos-ak-ash3\/558686_418676321476090_1404056521_n.jpg\" alt=\"LED \" width=\"454\" height=\"339\" \/><\/a><figcaption class=\"wp-caption-text\">LED<\/figcaption><\/figure>\n<p>LED \u010d\u00edre zadn\u00e9 svetl\u00e1. Jedn\u00e1 sa o klasick\u00e9 zadn\u00e9 svetl\u00e1 z nexie z ktor\u00fdch bol odstr\u00e1nen\u00fd farebn\u00fd kryt a boli do nich doplnen\u00e9 LED \u017eiarovky do p\u00f4vodn\u00fdch p\u00e4t\u00edc. Svetl\u00e1 m\u00e1m od kolegu z daewooclubu, ktor\u00fd svoj\u00fa ness\u00ed pred\u00e1val s origin\u00e1lnymi svetlami. Zaplatil som mu len LEDky . \u00a0Doma som svetl\u00e1 pozeral pozorne a pochopil som ako na to, tak\u017ee niekedy urob\u00edm n\u00e1vod so svojimi p\u00f4vodn\u00fdmi svetlami. Nejak\u00e9 to DIY aneb urob si s\u00e1m.<\/p>\n","protected":false},"excerpt":{"rendered":"<p>LED \u010d\u00edre zadn\u00e9 svetl\u00e1. Jedn\u00e1 sa o klasick\u00e9 zadn\u00e9 svetl\u00e1 z nexie z ktor\u00fdch bol odstr\u00e1nen\u00fd farebn\u00fd kryt a boli do nich doplnen\u00e9 LED \u017eiarovky do p\u00f4vodn\u00fdch p\u00e4t\u00edc. Svetl\u00e1 m\u00e1m od kolegu z daewooclubu, ktor\u00fd svoj\u00fa ness\u00ed pred\u00e1val s origin\u00e1lnymi svetlami. Zaplatil som mu len LEDky . \u00a0Doma som svetl\u00e1 pozeral pozorne a pochopil som [&hellip;]<\/p>\n","protected":false},"author":1,"featured_media":0,"parent":15,"menu_order":4,"comment_status":"open","ping_status":"open","template":"","meta":{"footnotes":"","_links_to":"","_links_to_target":""},"class_list":["post-100","page","type-page","status-publish","hentry"],"_links":{"self":[{"href":"https:\/\/peterprotus.eu\/index.php?rest_route=\/wp\/v2\/pages\/100","targetHints":{"allow":["GET"]}}],"collection":[{"href":"https:\/\/peterprotus.eu\/index.php?rest_route=\/wp\/v2\/pages"}],"about":[{"href":"https:\/\/peterprotus.eu\/index.php?rest_route=\/wp\/v2\/types\/page"}],"author":[{"embeddable":true,"href":"https:\/\/peterprotus.eu\/index.php?rest_route=\/wp\/v2\/users\/1"}],"replies":[{"embeddable":true,"href":"https:\/\/peterprotus.eu\/index.php?rest_route=%2Fwp%2Fv2%2Fcomments&post=100"}],"version-history":[{"count":1,"href":"https:\/\/peterprotus.eu\/index.php?rest_route=\/wp\/v2\/pages\/100\/revisions"}],"predecessor-version":[{"id":101,"href":"https:\/\/peterprotus.eu\/index.php?rest_route=\/wp\/v2\/pages\/100\/revisions\/101"}],"up":[{"embeddable":true,"href":"https:\/\/peterprotus.eu\/index.php?rest_route=\/wp\/v2\/pages\/15"}],"wp:attachment":[{"href":"https:\/\/peterprotus.eu\/index.php?rest_route=%2Fwp%2Fv2%2Fmedia&parent=100"}],"curies":[{"name":"wp","href":"https:\/\/api.w.org\/{rel}","templated":true}]}}